{"id":1462,"date":"2023-02-05T16:32:54","date_gmt":"2023-02-05T13:32:54","guid":{"rendered":"https:\/\/argeset.com.tr\/?post_type=product&#038;p=1462"},"modified":"2023-03-19T18:04:20","modified_gmt":"2023-03-19T15:04:20","slug":"mika-331-bb-ust-gosterge","status":"publish","type":"product","link":"https:\/\/argeset.com.tr\/en\/urun\/mika-331-bb-ust-gosterge\/","title":{"rendered":"M\u0130KA-331-BB Top \u0130ndicator"},"content":{"rendered":"<p>M\u0130KA-331-BB Top \u0130ndicator<\/p>\n<ul>\n<li>Mika Series buttons&#8230;<\/li>\n<li>These products that combine plastic and metal in their most aesthetic and durable form will bring pleasure to the users.<\/li>\n<li>Easy installation and disassembly<\/li>\n<li>The color options of the Mika Series, which is currently produced in 3 main colors, can be expanded according to your request.<\/li>\n<\/ul>\n<p><\/p>","protected":false},"excerpt":{"rendered":"<p>M\u0130KA-331-BB Top \u0130ndicator Mika Series buttons&#8230; These products that combine plastic and metal in their most aesthetic and durable form will bring pleasure to the users. Easy installation and disassembly The color options of the Mika Series, which is currently produced in 3 main colors, can be expanded according to your request.<\/p>\n","protected":false},"featured_media":1463,"template":"","meta":[],"product_cat":[95],"product_tag":[],"class_list":["post-1462","product","type-product","status-publish","has-post-thumbnail","hentry","product_cat-mika-ust"],"_links":{"self":[{"href":"https:\/\/argeset.com.tr\/en\/wp-json\/wp\/v2\/product\/1462","targetHints":{"allow":["GET"]}}],"collection":[{"href":"https:\/\/argeset.com.tr\/en\/wp-json\/wp\/v2\/product"}],"about":[{"href":"https:\/\/argeset.com.tr\/en\/wp-json\/wp\/v2\/types\/product"}],"wp:featuredmedia":[{"embeddable":true,"href":"https:\/\/argeset.com.tr\/en\/wp-json\/wp\/v2\/media\/1463"}],"wp:attachment":[{"href":"https:\/\/argeset.com.tr\/en\/wp-json\/wp\/v2\/media?parent=1462"}],"wp:term":[{"taxonomy":"product_cat","embeddable":true,"href":"https:\/\/argeset.com.tr\/en\/wp-json\/wp\/v2\/product_cat?post=1462"},{"taxonomy":"product_tag","embeddable":true,"href":"https:\/\/argeset.com.tr\/en\/wp-json\/wp\/v2\/product_tag?post=1462"}],"curies":[{"name":"wp","href":"https:\/\/api.w.org\/{rel}","templated":true}]}}