{"id":1484,"date":"2023-02-05T17:05:23","date_gmt":"2023-02-05T14:05:23","guid":{"rendered":"https:\/\/argeset.com.tr\/?post_type=product&#038;p=1484"},"modified":"2023-03-19T18:28:42","modified_gmt":"2023-03-19T15:28:42","slug":"mikado-431-bb-dot-ust-gosterge","status":"publish","type":"product","link":"https:\/\/argeset.com.tr\/en\/urun\/mikado-431-bb-dot-ust-gosterge\/","title":{"rendered":"M\u0130KADO-431-BB-DOT Top \u0130ndicator"},"content":{"rendered":"<p>M\u0130KADO-431-BB-DOT Top \u0130ndicator<\/p>\n<ul>\n<li>Our Mikado Series buttons are the TOUCH version of our Mika Series.<\/li>\n<li>With the touch buttons designed for disabled use, you won&#8217;t give up on the Mikado Series, which includes the Braille alphabet.<\/li>\n<\/ul>\n<p><\/p>","protected":false},"excerpt":{"rendered":"<p>M\u0130KADO-431-BB-DOT Top \u0130ndicator Our Mikado Series buttons are the TOUCH version of our Mika Series. With the touch buttons designed for disabled use, you won&#8217;t give up on the Mikado Series, which includes the Braille alphabet.<\/p>\n","protected":false},"featured_media":1485,"template":"","meta":[],"product_cat":[96],"product_tag":[],"class_list":["post-1484","product","type-product","status-publish","has-post-thumbnail","hentry","product_cat-mikado-ust"],"_links":{"self":[{"href":"https:\/\/argeset.com.tr\/en\/wp-json\/wp\/v2\/product\/1484","targetHints":{"allow":["GET"]}}],"collection":[{"href":"https:\/\/argeset.com.tr\/en\/wp-json\/wp\/v2\/product"}],"about":[{"href":"https:\/\/argeset.com.tr\/en\/wp-json\/wp\/v2\/types\/product"}],"wp:featuredmedia":[{"embeddable":true,"href":"https:\/\/argeset.com.tr\/en\/wp-json\/wp\/v2\/media\/1485"}],"wp:attachment":[{"href":"https:\/\/argeset.com.tr\/en\/wp-json\/wp\/v2\/media?parent=1484"}],"wp:term":[{"taxonomy":"product_cat","embeddable":true,"href":"https:\/\/argeset.com.tr\/en\/wp-json\/wp\/v2\/product_cat?post=1484"},{"taxonomy":"product_tag","embeddable":true,"href":"https:\/\/argeset.com.tr\/en\/wp-json\/wp\/v2\/product_tag?post=1484"}],"curies":[{"name":"wp","href":"https:\/\/api.w.org\/{rel}","templated":true}]}}