{"id":657,"date":"2017-06-14T05:00:40","date_gmt":"2017-06-14T05:00:40","guid":{"rendered":"http:\/\/localhost\/construct\/?page_id=657"},"modified":"2023-03-19T11:41:48","modified_gmt":"2023-03-19T08:41:48","slug":"hakkimizda","status":"publish","type":"page","link":"https:\/\/argeset.com.tr\/fr\/hakkimizda\/","title":{"rendered":"\u00c0 propos de nous"},"content":{"rendered":"<section class=\"wpb-content-wrapper\"><p>[vc_row css=\u00a0\u00bb.vc_custom_1675106743231{padding-top: 80px !important;}\u00a0\u00bb][vc_column]\n    <h2 class=\"text-center\" >Argeset Elektronik<\/h2>\n    \t    <div class=\"wprt-lines style-2 custom-1\">\n\t        <div class=\"line-1\"><\/div>\n\t    <\/div>\n    \n        \t\n[vc_column_text css=\u00a0\u00bb.vc_custom_1679215163696{margin-top: 25px !important;margin-bottom: 25px !important;}\u00a0\u00bb]La soci\u00e9t\u00e9 Argeset Elektronik, fond\u00e9e en 2010, op\u00e8re dans le but de produire des produits pour l&rsquo;industrie des ascenseurs et de d\u00e9velopper de nouveaux produits. Depuis sa cr\u00e9ation, Argeset Elektronik s&rsquo;est fix\u00e9 pour objectif de devenir la soci\u00e9t\u00e9 leader dans son domaine.<\/p>\n<p>Avec une \u00e9quipe exp\u00e9riment\u00e9e, jeune et dynamique qui accorde une grande importance aux activit\u00e9s de R&amp;D, Argeset Elektronik est devenue l&rsquo;une des soci\u00e9t\u00e9s les plus pr\u00e9f\u00e9r\u00e9es de l&rsquo;industrie gr\u00e2ce \u00e0 ses designs originaux de boutons d&rsquo;ascenseur et de panneaux de boutons. Argeset Elektronik est toujours ouvert aux nouveaut\u00e9s et aux nouvelles technologies et travaille sans rel\u00e2che avec son \u00e9quipe d&rsquo;experts pour adapter ces innovations \u00e0 l&rsquo;industrie des ascenseurs et les rendre utilisables. Argeset Elektronik, qui ne fait pas de compromis sur la qualit\u00e9, s&rsquo;est engag\u00e9 \u00e0 fournir le meilleur produit et le meilleur service \u00e0 ses clients en collaboration avec ses fournisseurs experts. La soci\u00e9t\u00e9 consid\u00e8re le succ\u00e8s de ses clients comme son propre succ\u00e8s et travaille avec une philosophie qui consid\u00e8re le travail de ses clients comme son propre travail. Nous sommes conscients que le succ\u00e8s ne peut \u00eatre atteint que tous ensemble. C&rsquo;est pourquoi Argeset Elektronik attache une grande importance \u00e0 la satisfaction de ses clients et aux services apr\u00e8s-vente, avec pour objectif d&rsquo;\u00eatre toujours \u00e0 la pointe de ces domaines.<\/p>\n<p>Argeset Elektronik s&rsquo;est engag\u00e9 \u00e0 d\u00e9velopper ses produits en associant esth\u00e9tique et solidit\u00e9, en synth\u00e9tisant ces deux caract\u00e9ristiques de mani\u00e8re la plus parfaite possible, tout en visant \u00e0 maintenir la qualit\u00e9 de ses produits toujours au plus haut niveau.<\/p>\n<p>En tant que famille Argeset Elektronik, notre engagement le plus important pour nous-m\u00eames et pour vous est de viser la perfection avec tous nos efforts et notre engagement.<\/p>\n<p style=\"text-align: right;\"><strong>\u00dcnay \u00c7INAR<\/strong><\/p>\n<p style=\"text-align: right;\"><strong>\u00c9lectricien et Ing\u00e9nieur \u00e9lectronique<\/strong><\/p>\n<p>[\/vc_column_text][\/vc_column][\/vc_row][vc_row css=\u00a0\u00bb.vc_custom_1679215292630{padding-top: 80px !important;padding-bottom: 80px !important;background-image: url(https:\/\/argeset.com.tr\/wp-content\/uploads\/2023\/03\/ana-sayfa-alt-bg.jpg?id=2495) !important;}\u00a0\u00bb][vc_column width=\u00a0\u00bb1\/3&Prime;]\n\t<div class=\"wprt-counter text-center white-type has-plus\">\n        <div class=\"number\" data-speed=\"5000\" data-to=\"13691\" data-in-viewport=\"yes\">13691<\/div>\n        <div class=\"text\">Projet Termine<\/div>\n    <\/div>\n    \t\n[\/vc_column][vc_column width=\u00a0\u00bb1\/3&Prime;]\n\t<div class=\"wprt-counter text-center white-type has-plus\">\n        <div class=\"number\" data-speed=\"5000\" data-to=\"225\" data-in-viewport=\"yes\">225<\/div>\n        <div class=\"text\">Conception de Produit Differente<\/div>\n    <\/div>\n    \t\n[\/vc_column][vc_column width=\u00a0\u00bb1\/3&Prime;]\n\t<div class=\"wprt-counter text-center white-type has-plus\">\n        <div class=\"number\" data-speed=\"5000\" data-to=\"26\" data-in-viewport=\"yes\">26<\/div>\n        <div class=\"text\">Exporter Vers le Pays<\/div>\n    <\/div>\n    \t\n[\/vc_column][\/vc_row][vc_row parallax_bg=\u00a0\u00bbtrue\u00a0\u00bb css=\u00a0\u00bb.vc_custom_1679215305532{padding-top: 120px !important;padding-bottom: 120px !important;background-image: url(https:\/\/argeset.com.tr\/wp-content\/uploads\/2023\/03\/hakkimizda-bg.jpg?id=2514) !important;}\u00a0\u00bb][vc_column width=\u00a0\u00bb1\/6&Prime;][\/vc_column][vc_column width=\u00a0\u00bb2\/3&Prime;]\n<div class=\"wpcf7 no-js\" id=\"wpcf7-f1555-o3\" lang=\"en-US\" dir=\"ltr\">\n<div class=\"screen-reader-response\"><p role=\"status\" aria-live=\"polite\" aria-atomic=\"true\"><\/p> <ul><\/ul><\/div>\n<form action=\"\/fr\/wp-json\/wp\/v2\/pages\/657#wpcf7-f1555-o3\" method=\"post\" class=\"wpcf7-form init\" aria-label=\"Contact form\" novalidate=\"novalidate\" data-status=\"init\">\n<div style=\"display: none;\">\n<input type=\"hidden\" name=\"_wpcf7\" value=\"1555\" \/>\n<input type=\"hidden\" name=\"_wpcf7_version\" value=\"5.7.4\" \/>\n<input type=\"hidden\" name=\"_wpcf7_locale\" value=\"en_US\" \/>\n<input type=\"hidden\" name=\"_wpcf7_unit_tag\" value=\"wpcf7-f1555-o3\" \/>\n<input type=\"hidden\" name=\"_wpcf7_container_post\" value=\"0\" \/>\n<input type=\"hidden\" name=\"_wpcf7_posted_data_hash\" value=\"\" \/>\n<\/div>\n<div class=\"wprt-contact-form-1\">\n\t<p><span class=\"wpcf7-form-control-wrap name\"><br \/>\n<span class=\"wpcf7-form-control-wrap\" data-name=\"your-name\"><input size=\"40\" class=\"wpcf7-form-control wpcf7-text wpcf7-validates-as-required\" aria-required=\"true\" aria-invalid=\"false\" placeholder=\"Prenom *\" value=\"\" type=\"text\" name=\"your-name\" \/><\/span><br \/>\n<\/span><br \/>\n<span class=\"wpcf7-form-control-wrap email\"><br \/>\n<span class=\"wpcf7-form-control-wrap\" data-name=\"your-email\"><input size=\"40\" class=\"wpcf7-form-control wpcf7-text wpcf7-email wpcf7-validates-as-required wpcf7-validates-as-email\" aria-required=\"true\" aria-invalid=\"false\" placeholder=\"E-mail *\" value=\"\" type=\"email\" name=\"your-email\" \/><\/span><br \/>\n<\/span><br \/>\n<span class=\"wpcf7-form-control-wrap phone\"><br \/>\n<span class=\"wpcf7-form-control-wrap\" data-name=\"your-phone\"><input size=\"40\" class=\"wpcf7-form-control wpcf7-text wpcf7-tel wpcf7-validates-as-tel\" aria-invalid=\"false\" placeholder=\"Telephone\" value=\"\" type=\"tel\" name=\"your-phone\" \/><\/span><br \/>\n<\/span><br \/>\n<span class=\"wpcf7-form-control-wrap subject\"><br \/>\n<span class=\"wpcf7-form-control-wrap\" data-name=\"your-subject\"><input size=\"40\" class=\"wpcf7-form-control wpcf7-text\" aria-invalid=\"false\" placeholder=\"Suject *\" value=\"\" type=\"text\" name=\"your-subject\" \/><\/span><br \/>\n<\/span><br \/>\n<span class=\"wpcf7-form-control-wrap message\"><br \/>\n<span class=\"wpcf7-form-control-wrap\" data-name=\"your-message\"><textarea cols=\"40\" rows=\"10\" class=\"wpcf7-form-control wpcf7-textarea\" aria-invalid=\"false\" placeholder=\"Message\" name=\"your-message\"><\/textarea><\/span><br \/>\n<\/span>\n\t<\/p>\n\t<div class=\"wrap-submit\">\n\t\t<p><input class=\"wpcf7-form-control has-spinner wpcf7-submit\" type=\"submit\" value=\"ENVOYER\" \/>\n\t\t<\/p>\n\t<\/div>\n<\/div><div class=\"wpcf7-response-output\" aria-hidden=\"true\"><\/div>\n<\/form>\n<\/div>\n[\/vc_column][vc_column width=\u00a0\u00bb1\/6&Prime;][\/vc_column][\/vc_row]<\/p>\n<\/section>","protected":false},"excerpt":{"rendered":"<p>[vc_row css=\u00a0\u00bb.vc_custom_1675106743231{padding-top: 80px !important;}\u00a0\u00bb][vc_column][vc_column_text css=\u00a0\u00bb.vc_custom_1679215163696{margin-top: 25px !important;margin-bottom: 25px !important;}\u00a0\u00bb]La soci\u00e9t\u00e9 Argeset Elektronik, fond\u00e9e en 2010, op\u00e8re dans le but de produire des produits pour l&rsquo;industrie des ascenseurs et de d\u00e9velopper de nouveaux produits. Depuis sa cr\u00e9ation, Argeset Elektronik s&rsquo;est fix\u00e9 pour objectif de devenir la soci\u00e9t\u00e9 leader dans son domaine. Avec une \u00e9quipe exp\u00e9riment\u00e9e, jeune [&hellip;]<\/p>\n","protected":false},"author":1,"featured_media":0,"parent":0,"menu_order":0,"comment_status":"closed","ping_status":"closed","template":"page-templates\/template-fullwidth.php","meta":{"footnotes":""},"class_list":["post-657","page","type-page","status-publish","hentry"],"_links":{"self":[{"href":"https:\/\/argeset.com.tr\/fr\/wp-json\/wp\/v2\/pages\/657","targetHints":{"allow":["GET"]}}],"collection":[{"href":"https:\/\/argeset.com.tr\/fr\/wp-json\/wp\/v2\/pages"}],"about":[{"href":"https:\/\/argeset.com.tr\/fr\/wp-json\/wp\/v2\/types\/page"}],"author":[{"embeddable":true,"href":"https:\/\/argeset.com.tr\/fr\/wp-json\/wp\/v2\/users\/1"}],"replies":[{"embeddable":true,"href":"https:\/\/argeset.com.tr\/fr\/wp-json\/wp\/v2\/comments?post=657"}],"version-history":[{"count":48,"href":"https:\/\/argeset.com.tr\/fr\/wp-json\/wp\/v2\/pages\/657\/revisions"}],"predecessor-version":[{"id":2639,"href":"https:\/\/argeset.com.tr\/fr\/wp-json\/wp\/v2\/pages\/657\/revisions\/2639"}],"wp:attachment":[{"href":"https:\/\/argeset.com.tr\/fr\/wp-json\/wp\/v2\/media?parent=657"}],"curies":[{"name":"wp","href":"https:\/\/api.w.org\/{rel}","templated":true}]}}