{"id":902,"date":"2017-06-23T07:58:28","date_gmt":"2017-06-23T07:58:28","guid":{"rendered":"http:\/\/localhost\/construct\/?page_id=902"},"modified":"2023-03-19T11:35:00","modified_gmt":"2023-03-19T08:35:00","slug":"home-1-simple-slider","status":"publish","type":"page","link":"https:\/\/argeset.com.tr\/fr\/","title":{"rendered":"Page d&rsquo;accueil"},"content":{"rendered":"<section class=\"wpb-content-wrapper\"><p>[vc_row fullwidth=\u00a0\u00bbyes\u00a0\u00bb css=\u00a0\u00bb.vc_custom_1674728568666{padding-top: 1px !important;padding-bottom: 1px !important;background-color: #2b2b2b !important;}\u00a0\u00bb][vc_column][\/vc_column][\/vc_row][vc_row fullwidth=\u00a0\u00bbyes\u00a0\u00bb][vc_column][rev_slider_vc alias=\u00a0\u00bbslider-tur-11&Prime;][\/vc_column][\/vc_row][vc_row fullwidth=\u00a0\u00bbyes\u00a0\u00bb css=\u00a0\u00bb.vc_custom_1674728579449{padding-top: 1px !important;padding-bottom: 1px !important;background-color: #2b2b2b !important;}\u00a0\u00bb][vc_column][\/vc_column][\/vc_row][vc_row el_class=\u00a0\u00bbbg-color\u00a0\u00bb css=\u00a0\u00bb.vc_custom_1497500641462{padding-top: 32px !important;padding-bottom: 32px !important;}\u00a0\u00bb][vc_column]\n\t\t\t<div class=\"col-md-8\">\n\t        <div class=\"wprt-spacer\" data-desktop=\"8\" data-mobi=\"0\" data-smobi=\"0\"><\/div>\n\t        <h2 class=\"text-white text-center-mobile font-size-20 margin-bottom-0\">Pour des informations ou des conseils sur nos produits<\/h2>\n\t        <div class=\"wprt-spacer\" data-desktop=\"0\" data-mobi=\"20\" data-smobi=\"20\"><\/div>\n\t    <\/div>\n\n\t    <div class=\"col-md-4\">\n\t        <div class=\"text-right text-center-mobile\">\n\t        \n\t        <a class=\"wprt-button white rounded-3px\" href=\"https:\/\/argeset.com.tr\/iletisim\/\" target=\"_self\">Communication<\/a>\t        <\/div>\n\t    <\/div>\n\t\n[\/vc_column][\/vc_row][vc_row css=\u00a0\u00bb.vc_custom_1497500715270{padding-top: 80px !important;padding-bottom: 80px !important;}\u00a0\u00bb][vc_column][vc_empty_space height=\u00a0\u00bb50px\u00a0\u00bb][vc_row_inner][vc_column_inner width=\u00a0\u00bb2\/3&Prime;]\n    <h2 class=\"text-center\" >Electronique Argeset<\/h2>\n    \t    <div class=\"wprt-lines style-2 custom-1\">\n\t        <div class=\"line-1\"><\/div>\n\t    <\/div>\n    \n        \t\n[vc_empty_space height=\u00a0\u00bb20px\u00a0\u00bb][vc_column_text]Argeset Elektronik, avec une \u00e9quipe de jeunes exp\u00e9riment\u00e9s et une vision ouverte \u00e0 l&rsquo;innovation, s&rsquo;efforce d&rsquo;apporter un souffle frais \u00e0 l&rsquo;industrie turque de l&rsquo;ascenseur en offrant toujours les produits de la plus haute qualit\u00e9.<\/p>\n<p>Argeset Elektronik accorde une grande importance \u00e0 la recherche et d\u00e9veloppement pour utiliser la technologie en \u00e9volution constante dans ses produits. L&rsquo;adaptation et l&rsquo;utilisation des nouvelles technologies dans notre secteur, la conception des technologies futures et la r\u00e9alisation des pr\u00e9paratifs pr\u00e9liminaires seront sans aucun doute un grand avantage pour notre pays et notre secteur. L&rsquo;industrie turque de l&rsquo;ascenseur, l&rsquo;un des secteurs les plus comp\u00e9titifs et actifs de notre pays, atteindra rapidement la place qu&rsquo;elle m\u00e9rite gr\u00e2ce \u00e0 nos efforts et \u00e0 nos travaux acharn\u00e9s. Argeset Elektronik ne m\u00e9nagera aucun effort ni sacrifice pour atteindre cet objectif ambitieux<\/p>\n<p style=\"text-align: right;\"><strong>\u00dcnay \u00c7INAR<\/strong><\/p>\n<p style=\"text-align: right;\"><strong>Ing\u00e9nieur \u00e9lectrique et \u00e9lectronique<\/strong><\/p>\n<p>[\/vc_column_text][vc_empty_space height=\u00a0\u00bb20px\u00a0\u00bb][\/vc_column_inner][vc_column_inner width=\u00a0\u00bb1\/3&Prime;][vc_empty_space height=\u00a0\u00bb93px\u00a0\u00bb][vc_single_image image=\u00a0\u00bb2405&Prime; img_size=\u00a0\u00bblarge\u00a0\u00bb alignment=\u00a0\u00bbcenter\u00a0\u00bb][\/vc_column_inner][\/vc_row_inner][\/vc_column][\/vc_row][vc_row parallax_bg=\u00a0\u00bbtrue\u00a0\u00bb css=\u00a0\u00bb.vc_custom_1675103072925{padding-top: 80px !important;padding-bottom: 80px !important;background-color: #f8f8f8 !important;}\u00a0\u00bb][vc_column]\n    <h2 class=\"text-left\" >Groupes de Produits<\/h2>\n    \t    <div class=\"wprt-lines style-1 custom-3\">\n\t        <div class=\"line-1\"><\/div>\n\t    <\/div>\n    \n        \t\n[vc_empty_space height=\u00a0\u00bb50px\u00a0\u00bb][vc_row_inner][vc_column_inner width=\u00a0\u00bb1\/4&Prime;][vc_single_image image=\u00a0\u00bb2435&Prime; img_size=\u00a0\u00bbfull\u00a0\u00bb alignment=\u00a0\u00bbcenter\u00a0\u00bb onclick=\u00a0\u00bbcustom_link\u00a0\u00bb link=\u00a0\u00bbhttps:\/\/argeset.com.tr\/fr\/urun-kategori\/kabin-panelleri\/\u00a0\u00bb][vc_custom_heading text=\u00a0\u00bbPanneaux de Cabine\u00a0\u00bb font_container=\u00a0\u00bbtag:h2|text_align:center\u00a0\u00bb google_fonts=\u00a0\u00bbfont_family:Oswald%3A300%2Cregular%2C700|font_style:400%20regular%3A400%3Anormal\u00a0\u00bb][\/vc_column_inner][vc_column_inner width=\u00a0\u00bb1\/4&Prime;][vc_single_image image=\u00a0\u00bb2437&Prime; img_size=\u00a0\u00bbfull\u00a0\u00bb alignment=\u00a0\u00bbcenter\u00a0\u00bb onclick=\u00a0\u00bbcustom_link\u00a0\u00bb link=\u00a0\u00bbhttps:\/\/argeset.com.tr\/fr\/urun-kategori\/kabin-panelleri\/\u00a0\u00bb][vc_custom_heading text=\u00a0\u00bbPanneaux de Plancher\u00a0\u00bb font_container=\u00a0\u00bbtag:h2|text_align:center\u00a0\u00bb google_fonts=\u00a0\u00bbfont_family:Oswald%3A300%2Cregular%2C700|font_style:400%20regular%3A400%3Anormal\u00a0\u00bb][\/vc_column_inner][vc_column_inner width=\u00a0\u00bb1\/4&Prime;][vc_single_image image=\u00a0\u00bb2439&Prime; img_size=\u00a0\u00bbfull\u00a0\u00bb alignment=\u00a0\u00bbcenter\u00a0\u00bb onclick=\u00a0\u00bbcustom_link\u00a0\u00bb link=\u00a0\u00bbhttps:\/\/argeset.com.tr\/fr\/urun-kategori\/kabin-panelleri\/\u00a0\u00bb][vc_custom_heading text=\u00a0\u00bbPrincipaux indicateurs\u00a0\u00bb font_container=\u00a0\u00bbtag:h2|text_align:center\u00a0\u00bb google_fonts=\u00a0\u00bbfont_family:Oswald%3A300%2Cregular%2C700|font_style:400%20regular%3A400%3Anormal\u00a0\u00bb][\/vc_column_inner][vc_column_inner width=\u00a0\u00bb1\/4&Prime;][vc_single_image image=\u00a0\u00bb2441&Prime; img_size=\u00a0\u00bbfull\u00a0\u00bb alignment=\u00a0\u00bbcenter\u00a0\u00bb onclick=\u00a0\u00bbcustom_link\u00a0\u00bb link=\u00a0\u00bbhttps:\/\/argeset.com.tr\/fr\/urun-kategori\/kabin-panelleri\/\u00a0\u00bb][vc_custom_heading text=\u00a0\u00bbBoutons\u00a0\u00bb font_container=\u00a0\u00bbtag:h2|text_align:center\u00a0\u00bb google_fonts=\u00a0\u00bbfont_family:Oswald%3A300%2Cregular%2C700|font_style:400%20regular%3A400%3Anormal\u00a0\u00bb][\/vc_column_inner][\/vc_row_inner][\/vc_column][\/vc_row][vc_row css=\u00a0\u00bb.vc_custom_1675098912060{padding-top: 80px !important;padding-bottom: 80px !important;}\u00a0\u00bb][vc_column]\n    <h2 class=\"text-center\" >Pourquoi Argeset \u00c9lectronique ?<\/h2>\n    \t    <div class=\"wprt-lines style-2 custom-1\">\n\t        <div class=\"line-1\"><\/div>\n\t    <\/div>\n    \n        \t\n[vc_empty_space height=\u00a0\u00bb50px\u00a0\u00bb][\/vc_column][vc_column offset=\u00a0\u00bbvc_col-md-4&Prime;]\n\t<div class=\"wprt-icon-box accent-background  rounded icon-effect-2 width-90\">\n        <div class=\"icon-wrap font-size-50\">\n            <span class=\"dd-icon fas fa-user \"><\/span>\n        <\/div>\n        <div class=\"content-wrap\">\n            <h3 class=\"dd-title font-size-18\">La qualit\u00e9 des produits et des services<\/h3>\n            <p>Notre exp\u00e9rience de longues ann\u00e9es et notre \u00e9quipe solide nous permettent de maintenir notre engagement \u00e0 maintenir constamment la qualit\u00e9 de nos produits et services au plus haut niveau. En \u00e9tant intransigeants sur la solidit\u00e9 et l&rsquo;esth\u00e9tique qui sont les cl\u00e9s de la qualit\u00e9 de nos produits, nous sommes naturellement choisis.<\/p>\n        <\/div>\n    <\/div>\n\n[vc_empty_space height=\u00a0\u00bb50px\u00a0\u00bb][\/vc_column][vc_column offset=\u00a0\u00bbvc_col-md-4&Prime;]\n\t<div class=\"wprt-icon-box accent-background  rounded icon-effect-2 width-90\">\n        <div class=\"icon-wrap font-size-50\">\n            <span class=\"dd-icon fas fa-drafting-compass \"><\/span>\n        <\/div>\n        <div class=\"content-wrap\">\n            <h3 class=\"dd-title font-size-18\">Conceptions innovantes et technologiques<\/h3>\n            <p>Argeset Elektronik, avec des activit\u00e9s de d\u00e9veloppement de produits et de recherche et d\u00e9veloppement ininterrompues, a remport\u00e9 l&rsquo;appr\u00e9ciation de son secteur gr\u00e2ce \u00e0 son \u00e9quipe d&rsquo;experts qui permet une adaptation rapide des innovations et des nouvelles technologies dans ses produits.<\/p>\n        <\/div>\n    <\/div>\n\n[vc_empty_space height=\u00a0\u00bb50px\u00a0\u00bb][\/vc_column][vc_column offset=\u00a0\u00bbvc_col-md-4&Prime;]\n\t<div class=\"wprt-icon-box accent-background  rounded icon-effect-2 width-90\">\n        <div class=\"icon-wrap font-size-50\">\n            <span class=\"dd-icon fas fa-user-friends \"><\/span>\n        <\/div>\n        <div class=\"content-wrap\">\n            <h3 class=\"dd-title font-size-18\">Satisfaction Client<\/h3>\n            <p>\u00catre pr\u00e9sent dans le secteur des ascenseurs et le fait que nos produits soient utilis\u00e9s en public \u00e0 tout moment rendent les services apr\u00e8s-vente tr\u00e8s importants. Nos services apr\u00e8s-vente qui privil\u00e9gient la satisfaction du client sont parmi les raisons les plus pr\u00e9f\u00e9r\u00e9es.<\/p>\n        <\/div>\n    <\/div>\n\n[vc_empty_space height=\u00a0\u00bb50px\u00a0\u00bb][\/vc_column][\/vc_row][vc_row css=\u00a0\u00bb.vc_custom_1678142886922{padding-top: 80px !important;padding-bottom: 80px !important;background-image: url(https:\/\/argeset.com.tr\/wp-content\/uploads\/2023\/03\/ana-sayfa-alt-bg.jpg?id=2495) !important;}\u00a0\u00bb][vc_column width=\u00a0\u00bb1\/3&Prime;]\n\t<div class=\"wprt-counter text-center white-type has-plus\">\n        <div class=\"number\" data-speed=\"5000\" data-to=\"13691\" data-in-viewport=\"yes\">13691<\/div>\n        <div class=\"text\">Projet Termine<\/div>\n    <\/div>\n    \t\n[\/vc_column][vc_column width=\u00a0\u00bb1\/3&Prime;]\n\t<div class=\"wprt-counter text-center white-type has-plus\">\n        <div class=\"number\" data-speed=\"5000\" data-to=\"225\" data-in-viewport=\"yes\">225<\/div>\n        <div class=\"text\">Conception de Produit Differente<\/div>\n    <\/div>\n    \t\n[\/vc_column][vc_column width=\u00a0\u00bb1\/3&Prime;]\n\t<div class=\"wprt-counter text-center white-type has-plus\">\n        <div class=\"number\" data-speed=\"5000\" data-to=\"26\" data-in-viewport=\"yes\">26<\/div>\n        <div class=\"text\">Exporter Vers le Pays<\/div>\n    <\/div>\n    \t\n[\/vc_column][\/vc_row]<\/p>\n<\/section>","protected":false},"excerpt":{"rendered":"<p>[vc_row fullwidth=\u00a0\u00bbyes\u00a0\u00bb css=\u00a0\u00bb.vc_custom_1674728568666{padding-top: 1px !important;padding-bottom: 1px !important;background-color: #2b2b2b !important;}\u00a0\u00bb][vc_column][\/vc_column][\/vc_row][vc_row fullwidth=\u00a0\u00bbyes\u00a0\u00bb][vc_column][rev_slider_vc alias=\u00a0\u00bbslider-tur-11&Prime;][\/vc_column][\/vc_row][vc_row fullwidth=\u00a0\u00bbyes\u00a0\u00bb css=\u00a0\u00bb.vc_custom_1674728579449{padding-top: 1px !important;padding-bottom: 1px !important;background-color: #2b2b2b !important;}\u00a0\u00bb][vc_column][\/vc_column][\/vc_row][vc_row el_class=\u00a0\u00bbbg-color\u00a0\u00bb css=\u00a0\u00bb.vc_custom_1497500641462{padding-top: 32px !important;padding-bottom: 32px !important;}\u00a0\u00bb][vc_column][\/vc_column][\/vc_row][vc_row css=\u00a0\u00bb.vc_custom_1497500715270{padding-top: 80px !important;padding-bottom: 80px !important;}\u00a0\u00bb][vc_column][vc_empty_space height=\u00a0\u00bb50px\u00a0\u00bb][vc_row_inner][vc_column_inner width=\u00a0\u00bb2\/3&Prime;][vc_empty_space height=\u00a0\u00bb20px\u00a0\u00bb][vc_column_text]Argeset Elektronik, avec une \u00e9quipe de jeunes exp\u00e9riment\u00e9s et une vision ouverte \u00e0 l&rsquo;innovation, s&rsquo;efforce d&rsquo;apporter un souffle frais \u00e0 l&rsquo;industrie turque de [&hellip;]<\/p>\n","protected":false},"author":1,"featured_media":0,"parent":0,"menu_order":0,"comment_status":"closed","ping_status":"closed","template":"page-templates\/template-canvas.php","meta":{"footnotes":""},"class_list":["post-902","page","type-page","status-publish","hentry"],"_links":{"self":[{"href":"https:\/\/argeset.com.tr\/fr\/wp-json\/wp\/v2\/pages\/902","targetHints":{"allow":["GET"]}}],"collection":[{"href":"https:\/\/argeset.com.tr\/fr\/wp-json\/wp\/v2\/pages"}],"about":[{"href":"https:\/\/argeset.com.tr\/fr\/wp-json\/wp\/v2\/types\/page"}],"author":[{"embeddable":true,"href":"https:\/\/argeset.com.tr\/fr\/wp-json\/wp\/v2\/users\/1"}],"replies":[{"embeddable":true,"href":"https:\/\/argeset.com.tr\/fr\/wp-json\/wp\/v2\/comments?post=902"}],"version-history":[{"count":190,"href":"https:\/\/argeset.com.tr\/fr\/wp-json\/wp\/v2\/pages\/902\/revisions"}],"predecessor-version":[{"id":2637,"href":"https:\/\/argeset.com.tr\/fr\/wp-json\/wp\/v2\/pages\/902\/revisions\/2637"}],"wp:attachment":[{"href":"https:\/\/argeset.com.tr\/fr\/wp-json\/wp\/v2\/media?parent=902"}],"curies":[{"name":"wp","href":"https:\/\/api.w.org\/{rel}","templated":true}]}}