{"id":1273,"date":"2023-02-04T23:38:51","date_gmt":"2023-02-04T20:38:51","guid":{"rendered":"https:\/\/argeset.com.tr\/?post_type=product&#038;p=1273"},"modified":"2023-03-19T13:07:25","modified_gmt":"2023-03-19T10:07:25","slug":"arc-201-kat-paneli","status":"publish","type":"product","link":"https:\/\/argeset.com.tr\/fr\/urun\/arc-201-kat-paneli\/","title":{"rendered":"ARC-201 Panneau de plancher"},"content":{"rendered":"<section class=\"wpb-content-wrapper\"><p>[vc_row][vc_column][vc_column_text]ARC-201 <span style=\"font-family: Consolas, Monaco, monospace;\">Panneau de plancher<\/span>[\/vc_column_text][\/vc_column][\/vc_row][vc_row][vc_column][vc_column_text]Les boutons de la s\u00e9rie ARC sont fabriqu\u00e9s en acier inoxydable et conviennent \u00e0 une utilisation encastr\u00e9e.[\/vc_column_text][\/vc_column][\/vc_row]<\/p>\n<\/section>","protected":false},"excerpt":{"rendered":"<p><strong>SPECIFICATIONS TECHNIQUES ;<\/strong><\/p>\n<p><strong>LA PLUPART :<\/strong> 100 mm<br \/>\n<strong>TAILLE :<\/strong> 200 mm<br \/>\n<strong>PROFONDEUR :<\/strong> 1,5 mm<\/p>\n<p><strong>DIMENSIONS DU BOITIER ; <\/strong>78mm &#8211; 178 mm &#8211; 30 mm<\/p>\n","protected":false},"featured_media":2307,"template":"","meta":[],"product_cat":[82,48],"product_tag":[],"class_list":["post-1273","product","type-product","status-publish","has-post-thumbnail","hentry","product_cat-arc-kat","product_cat-kat-panelleri"],"_links":{"self":[{"href":"https:\/\/argeset.com.tr\/fr\/wp-json\/wp\/v2\/product\/1273","targetHints":{"allow":["GET"]}}],"collection":[{"href":"https:\/\/argeset.com.tr\/fr\/wp-json\/wp\/v2\/product"}],"about":[{"href":"https:\/\/argeset.com.tr\/fr\/wp-json\/wp\/v2\/types\/product"}],"wp:featuredmedia":[{"embeddable":true,"href":"https:\/\/argeset.com.tr\/fr\/wp-json\/wp\/v2\/media\/2307"}],"wp:attachment":[{"href":"https:\/\/argeset.com.tr\/fr\/wp-json\/wp\/v2\/media?parent=1273"}],"wp:term":[{"taxonomy":"product_cat","embeddable":true,"href":"https:\/\/argeset.com.tr\/fr\/wp-json\/wp\/v2\/product_cat?post=1273"},{"taxonomy":"product_tag","embeddable":true,"href":"https:\/\/argeset.com.tr\/fr\/wp-json\/wp\/v2\/product_tag?post=1273"}],"curies":[{"name":"wp","href":"https:\/\/api.w.org\/{rel}","templated":true}]}}