{"id":1283,"date":"2023-02-05T00:06:51","date_gmt":"2023-02-04T21:06:51","guid":{"rendered":"https:\/\/argeset.com.tr\/?post_type=product&#038;p=1283"},"modified":"2023-03-19T13:17:24","modified_gmt":"2023-03-19T10:17:24","slug":"arc-221-kat-paneli","status":"publish","type":"product","link":"https:\/\/argeset.com.tr\/fr\/urun\/arc-221-kat-paneli\/","title":{"rendered":"ARC-221 Panneau de plancher"},"content":{"rendered":"<p>ARC-221 Panneau de plancher<\/p>\n<p>Les boutons de la s\u00e9rie ARC sont fabriqu\u00e9s en acier inoxydable et conviennent \u00e0 une utilisation encastr\u00e9e.<\/p>","protected":false},"excerpt":{"rendered":"<p><strong>SPECIFICATIONS TECHNIQUES ;<\/strong><\/p>\n<p><strong>LA PLUPART :<\/strong>200 mm<br \/>\n<strong>TAILLE :<\/strong> 300 mm<br \/>\n<strong>PROFONDEUR :<\/strong>\u00a01,5 mm<\/p>\n<p><strong>DIMENSIONS DU BOITIER ;\u00a0<\/strong>150mm \u2013 278 mm \u2013 30 mm<\/p>\n<p>&nbsp;<\/p>\n","protected":false},"featured_media":2311,"template":"","meta":[],"product_cat":[82,48],"product_tag":[],"class_list":["post-1283","product","type-product","status-publish","has-post-thumbnail","hentry","product_cat-arc-kat","product_cat-kat-panelleri"],"_links":{"self":[{"href":"https:\/\/argeset.com.tr\/fr\/wp-json\/wp\/v2\/product\/1283","targetHints":{"allow":["GET"]}}],"collection":[{"href":"https:\/\/argeset.com.tr\/fr\/wp-json\/wp\/v2\/product"}],"about":[{"href":"https:\/\/argeset.com.tr\/fr\/wp-json\/wp\/v2\/types\/product"}],"wp:featuredmedia":[{"embeddable":true,"href":"https:\/\/argeset.com.tr\/fr\/wp-json\/wp\/v2\/media\/2311"}],"wp:attachment":[{"href":"https:\/\/argeset.com.tr\/fr\/wp-json\/wp\/v2\/media?parent=1283"}],"wp:term":[{"taxonomy":"product_cat","embeddable":true,"href":"https:\/\/argeset.com.tr\/fr\/wp-json\/wp\/v2\/product_cat?post=1283"},{"taxonomy":"product_tag","embeddable":true,"href":"https:\/\/argeset.com.tr\/fr\/wp-json\/wp\/v2\/product_tag?post=1283"}],"curies":[{"name":"wp","href":"https:\/\/api.w.org\/{rel}","templated":true}]}}