{"id":1285,"date":"2023-02-05T00:08:02","date_gmt":"2023-02-04T21:08:02","guid":{"rendered":"https:\/\/argeset.com.tr\/?post_type=product&#038;p=1285"},"modified":"2023-03-19T13:21:34","modified_gmt":"2023-03-19T10:21:34","slug":"arc-222-kat-paneli","status":"publish","type":"product","link":"https:\/\/argeset.com.tr\/fr\/urun\/arc-222-kat-paneli\/","title":{"rendered":"ARC-222 Panneau de plancher"},"content":{"rendered":"<section class=\"wpb-content-wrapper\"><p>ARC-222 Panneau de plancher<\/p>\n<div id=\"site-content\" class=\"site-content clearfix\">\n<div id=\"inner-content\" class=\"inner-content-wrap\">\n<div class=\"content-woocommerce\">\n<div class=\"woo-single-post-class\">\n<div id=\"product-1273\" class=\"wpbforwpbakery_single_product product type-product post-1273 status-publish first instock product_cat-arc-kat product_cat-kat-panelleri has-post-thumbnail shipping-taxable product-type-simple\">\n<section class=\"wpb-content-wrapper\">\n<section class=\"vc_rows wpb_row vc_row-fluid\">\n<div class=\"container\">\n<div class=\"row\">\n<div class=\"wpb_column vc_column_container vc_col-sm-12\">\n<div class=\"vc_column-inner\">\n<div class=\"wpb_wrapper\">\n<div class=\" wpbforwpbakery_product_data_tab6416dee16f75d\">\n<div class=\"woocommerce-tabs wc-tabs-wrapper\">\n<div id=\"tab-description\" class=\"woocommerce-Tabs-panel woocommerce-Tabs-panel--description panel entry-content wc-tab\" role=\"tabpanel\" aria-labelledby=\"tab-title-description\">\n<section class=\"wpb-content-wrapper\">\n<section class=\"vc_rows wpb_row vc_row-fluid\">\n<div class=\"container\">\n<div class=\"row\">\n<div class=\"wpb_column vc_column_container vc_col-sm-12\">\n<div class=\"vc_column-inner\">\n<div class=\"wpb_wrapper\">\n<div class=\"wpb_text_column wpb_content_element \">\n<div class=\"wpb_wrapper\">\n<p>Les boutons de la s\u00e9rie ARC sont fabriqu\u00e9s en acier inoxydable et conviennent \u00e0 une utilisation encastr\u00e9e.<\/p>\n<\/div>\n<\/div>\n<\/div>\n<\/div>\n<\/div>\n<\/div>\n<\/div>\n<div class=\"clearfix\"><\/div>\n<\/section>\n<\/section>\n<\/div>\n<\/div>\n<\/div>\n<\/div>\n<\/div>\n<\/div>\n<\/div>\n<\/div>\n<div class=\"clearfix\"><\/div>\n<\/section>\n<p>&nbsp;<\/p>\n<\/section>\n<\/div>\n<\/div>\n<\/div>\n<\/div>\n<\/div>\n<div id=\"sidebar\" class=\"style-1\">\n<div id=\"secondary\" class=\"widget-area sidebar\" role=\"complementary\">\n<div id=\"woocommerce_product_categories-1\" class=\"widget woocommerce widget_product_categories\">\n<h2 class=\"widget-title\"><\/h2>\n<\/div>\n<\/div>\n<\/div>\n<p><\/p>\n<\/section>","protected":false},"excerpt":{"rendered":"<p><strong>SPECIFICATIONS TECHNIQUES ;<\/strong><\/p>\n<p><strong>LA PLUPART :<\/strong>200 mm<br \/>\n<strong>TAILLE :<\/strong> 300 mm<br \/>\n<strong>PROFONDEUR :<\/strong>\u00a01,5 mm<\/p>\n<p><strong>DIMENSIONS DU BOITIER ;\u00a0<\/strong>150mm \u2013 278 mm \u2013 30 mm<\/p>\n<p>&nbsp;<\/p>\n","protected":false},"featured_media":2312,"template":"","meta":[],"product_cat":[82,48],"product_tag":[],"class_list":["post-1285","product","type-product","status-publish","has-post-thumbnail","hentry","product_cat-arc-kat","product_cat-kat-panelleri"],"_links":{"self":[{"href":"https:\/\/argeset.com.tr\/fr\/wp-json\/wp\/v2\/product\/1285","targetHints":{"allow":["GET"]}}],"collection":[{"href":"https:\/\/argeset.com.tr\/fr\/wp-json\/wp\/v2\/product"}],"about":[{"href":"https:\/\/argeset.com.tr\/fr\/wp-json\/wp\/v2\/types\/product"}],"wp:featuredmedia":[{"embeddable":true,"href":"https:\/\/argeset.com.tr\/fr\/wp-json\/wp\/v2\/media\/2312"}],"wp:attachment":[{"href":"https:\/\/argeset.com.tr\/fr\/wp-json\/wp\/v2\/media?parent=1285"}],"wp:term":[{"taxonomy":"product_cat","embeddable":true,"href":"https:\/\/argeset.com.tr\/fr\/wp-json\/wp\/v2\/product_cat?post=1285"},{"taxonomy":"product_tag","embeddable":true,"href":"https:\/\/argeset.com.tr\/fr\/wp-json\/wp\/v2\/product_tag?post=1285"}],"curies":[{"name":"wp","href":"https:\/\/api.w.org\/{rel}","templated":true}]}}