{"id":1287,"date":"2023-02-05T00:15:27","date_gmt":"2023-02-04T21:15:27","guid":{"rendered":"https:\/\/argeset.com.tr\/?post_type=product&#038;p=1287"},"modified":"2023-03-19T13:41:08","modified_gmt":"2023-03-19T10:41:08","slug":"arc-231-ust-gosterge","status":"publish","type":"product","link":"https:\/\/argeset.com.tr\/fr\/urun\/arc-231-ust-gosterge\/","title":{"rendered":"ARC-231 Indicateur Superieur"},"content":{"rendered":"<section class=\"wpb-content-wrapper\"><p>ARC-231 Indicateur Superieur<\/p>\n<p>Les boutons de la s\u00e9rie ARC sont fabriqu\u00e9s en acier inoxydable et conviennent \u00e0 une utilisation encastr\u00e9<\/p>\n<\/section>","protected":false},"excerpt":{"rendered":"<p>ARC-231 Indicateur Superieur Les boutons de la s\u00e9rie ARC sont fabriqu\u00e9s en acier inoxydable et conviennent \u00e0 une utilisation encastr\u00e9<\/p>\n","protected":false},"featured_media":2313,"template":"","meta":[],"product_cat":[90,50],"product_tag":[],"class_list":["post-1287","product","type-product","status-publish","has-post-thumbnail","hentry","product_cat-arc-ust","product_cat-ust-gostergeler"],"_links":{"self":[{"href":"https:\/\/argeset.com.tr\/fr\/wp-json\/wp\/v2\/product\/1287","targetHints":{"allow":["GET"]}}],"collection":[{"href":"https:\/\/argeset.com.tr\/fr\/wp-json\/wp\/v2\/product"}],"about":[{"href":"https:\/\/argeset.com.tr\/fr\/wp-json\/wp\/v2\/types\/product"}],"wp:featuredmedia":[{"embeddable":true,"href":"https:\/\/argeset.com.tr\/fr\/wp-json\/wp\/v2\/media\/2313"}],"wp:attachment":[{"href":"https:\/\/argeset.com.tr\/fr\/wp-json\/wp\/v2\/media?parent=1287"}],"wp:term":[{"taxonomy":"product_cat","embeddable":true,"href":"https:\/\/argeset.com.tr\/fr\/wp-json\/wp\/v2\/product_cat?post=1287"},{"taxonomy":"product_tag","embeddable":true,"href":"https:\/\/argeset.com.tr\/fr\/wp-json\/wp\/v2\/product_tag?post=1287"}],"curies":[{"name":"wp","href":"https:\/\/api.w.org\/{rel}","templated":true}]}}