{"id":1297,"date":"2023-02-05T00:20:57","date_gmt":"2023-02-04T21:20:57","guid":{"rendered":"https:\/\/argeset.com.tr\/?post_type=product&#038;p=1297"},"modified":"2023-03-19T13:58:10","modified_gmt":"2023-03-19T10:58:10","slug":"arc-262-kabin-paneli","status":"publish","type":"product","link":"https:\/\/argeset.com.tr\/fr\/urun\/arc-262-kabin-paneli\/","title":{"rendered":"ARC-262 Panneau de Cabine"},"content":{"rendered":"<section class=\"wpb-content-wrapper\"><p>ARC-262 Panneau de Cabine<\/p>\n<div id=\"site-content\" class=\"site-content clearfix\">\n<div id=\"inner-content\" class=\"inner-content-wrap\">\n<div class=\"content-woocommerce\">\n<div class=\"woo-single-post-class\">\n<div id=\"product-1295\" class=\"wpbforwpbakery_single_product product type-product post-1295 status-publish first instock product_cat-kabin-panelleri product_cat-arc-kabin has-post-thumbnail shipping-taxable product-type-simple\">\n<section class=\"wpb-content-wrapper\">\n<section class=\"vc_rows wpb_row vc_row-fluid\">\n<div class=\"container\">\n<div class=\"row\">\n<div class=\"wpb_column vc_column_container vc_col-sm-12\">\n<div class=\"vc_column-inner\">\n<div class=\"wpb_wrapper\">\n<div class=\" wpbforwpbakery_product_data_tab6416e9fd20e7b\">\n<div class=\"woocommerce-tabs wc-tabs-wrapper\">\n<div id=\"tab-description\" class=\"woocommerce-Tabs-panel woocommerce-Tabs-panel--description panel entry-content wc-tab\" role=\"tabpanel\" aria-labelledby=\"tab-title-description\">\n<p>Les boutons de la s\u00e9rie ARC sont fabriqu\u00e9s en acier inoxydable et conviennent \u00e0 une utilisation encastr\u00e9e.<\/p>\n<\/div>\n<\/div>\n<\/div>\n<\/div>\n<\/div>\n<\/div>\n<\/div>\n<\/div>\n<\/section>\n<\/section>\n<\/div>\n<\/div>\n<\/div>\n<\/div>\n<\/div>\n<p><\/p>\n<\/section>","protected":false},"excerpt":{"rendered":"<p><strong>SPECIFICATIONS TECHNIQUES ;<\/strong><\/p>\n<p><strong>LA PLUPART :<\/strong>\u00a0200 mm<br \/>\n<strong>TAILLE :<\/strong> 1300 mm<br \/>\n<strong>PROFONDEUR :<\/strong> 120 mm<\/p>\n<p><strong>DIMENSIONS DU BOITIER ;\u00a0<\/strong>1250mm \u2013 1950 mm \u2013 50 mm<\/p>\n","protected":false},"featured_media":2590,"template":"","meta":[],"product_cat":[49,59],"product_tag":[],"class_list":["post-1297","product","type-product","status-publish","has-post-thumbnail","hentry","product_cat-kabin-panelleri","product_cat-arc-kabin"],"_links":{"self":[{"href":"https:\/\/argeset.com.tr\/fr\/wp-json\/wp\/v2\/product\/1297","targetHints":{"allow":["GET"]}}],"collection":[{"href":"https:\/\/argeset.com.tr\/fr\/wp-json\/wp\/v2\/product"}],"about":[{"href":"https:\/\/argeset.com.tr\/fr\/wp-json\/wp\/v2\/types\/product"}],"wp:featuredmedia":[{"embeddable":true,"href":"https:\/\/argeset.com.tr\/fr\/wp-json\/wp\/v2\/media\/2590"}],"wp:attachment":[{"href":"https:\/\/argeset.com.tr\/fr\/wp-json\/wp\/v2\/media?parent=1297"}],"wp:term":[{"taxonomy":"product_cat","embeddable":true,"href":"https:\/\/argeset.com.tr\/fr\/wp-json\/wp\/v2\/product_cat?post=1297"},{"taxonomy":"product_tag","embeddable":true,"href":"https:\/\/argeset.com.tr\/fr\/wp-json\/wp\/v2\/product_tag?post=1297"}],"curies":[{"name":"wp","href":"https:\/\/api.w.org\/{rel}","templated":true}]}}