{"id":1353,"date":"2023-02-05T13:59:46","date_gmt":"2023-02-05T10:59:46","guid":{"rendered":"https:\/\/argeset.com.tr\/?post_type=product&#038;p=1353"},"modified":"2023-03-19T14:06:38","modified_gmt":"2023-03-19T11:06:38","slug":"arm-101-kat-paneli","status":"publish","type":"product","link":"https:\/\/argeset.com.tr\/fr\/urun\/arm-101-kat-paneli\/","title":{"rendered":"ARM-101 Panneau de plancher"},"content":{"rendered":"<p>ARM-101 Panneau de plancher<\/p>\n<ul>\n<li>Les boutons encastr\u00e9s de la s\u00e9rie ARM sont devenus un classique dans l&rsquo;industrie.<\/li>\n<li>Ces boutons encastr\u00e9s peuvent \u00eatre produits en diff\u00e9rentes tailles avec diff\u00e9rentes versions de boutons et ont une hauteur de montage de surface de 20 mm<\/li>\n<\/ul>\n<p>&nbsp;<\/p>","protected":false},"excerpt":{"rendered":"<p><strong>SPECIFICATIONS TECHNIQUES ;<\/strong><\/p>\n<p><strong>LA PLUPART :<\/strong> 95 mm<br \/>\n<strong>TAILLE :<\/strong> 200 mm<br \/>\n<strong>PROFONDEUR :<\/strong> 20 mm<\/p>\n","protected":false},"featured_media":2321,"template":"","meta":[],"product_cat":[83],"product_tag":[],"class_list":["post-1353","product","type-product","status-publish","has-post-thumbnail","hentry","product_cat-arm-kat"],"_links":{"self":[{"href":"https:\/\/argeset.com.tr\/fr\/wp-json\/wp\/v2\/product\/1353","targetHints":{"allow":["GET"]}}],"collection":[{"href":"https:\/\/argeset.com.tr\/fr\/wp-json\/wp\/v2\/product"}],"about":[{"href":"https:\/\/argeset.com.tr\/fr\/wp-json\/wp\/v2\/types\/product"}],"wp:featuredmedia":[{"embeddable":true,"href":"https:\/\/argeset.com.tr\/fr\/wp-json\/wp\/v2\/media\/2321"}],"wp:attachment":[{"href":"https:\/\/argeset.com.tr\/fr\/wp-json\/wp\/v2\/media?parent=1353"}],"wp:term":[{"taxonomy":"product_cat","embeddable":true,"href":"https:\/\/argeset.com.tr\/fr\/wp-json\/wp\/v2\/product_cat?post=1353"},{"taxonomy":"product_tag","embeddable":true,"href":"https:\/\/argeset.com.tr\/fr\/wp-json\/wp\/v2\/product_tag?post=1353"}],"curies":[{"name":"wp","href":"https:\/\/api.w.org\/{rel}","templated":true}]}}