{"id":1355,"date":"2023-02-05T14:02:55","date_gmt":"2023-02-05T11:02:55","guid":{"rendered":"https:\/\/argeset.com.tr\/?post_type=product&#038;p=1355"},"modified":"2023-03-19T14:09:32","modified_gmt":"2023-03-19T11:09:32","slug":"arm-102-kat-paneli","status":"publish","type":"product","link":"https:\/\/argeset.com.tr\/fr\/urun\/arm-102-kat-paneli\/","title":{"rendered":"ARM-102 Panneau de plancher"},"content":{"rendered":"<p>ARM-102 Panneau de plancher<\/p>\n<ul>\n<li>Les boutons encastr\u00e9s de la s\u00e9rie ARM sont devenus un classique dans l\u2019industrie.<\/li>\n<li>Ces boutons encastr\u00e9s peuvent \u00eatre produits en diff\u00e9rentes tailles avec diff\u00e9rentes versions de boutons et ont une hauteur de montage de surface de 20 mm<\/li>\n<\/ul>\n<p><\/p>","protected":false},"excerpt":{"rendered":"<p><strong>SPECIFICATIONS TECHNIQUES ;<\/strong><\/p>\n<p><strong>LA PLUPART :<\/strong>\u00a095 mm<br \/>\n<strong>TAILLE :<\/strong>\u00a0200 mm<br \/>\n<strong>PROFONDEUR :<\/strong>\u00a020 mm<\/p>\n","protected":false},"featured_media":2322,"template":"","meta":[],"product_cat":[83],"product_tag":[],"class_list":["post-1355","product","type-product","status-publish","has-post-thumbnail","hentry","product_cat-arm-kat"],"_links":{"self":[{"href":"https:\/\/argeset.com.tr\/fr\/wp-json\/wp\/v2\/product\/1355","targetHints":{"allow":["GET"]}}],"collection":[{"href":"https:\/\/argeset.com.tr\/fr\/wp-json\/wp\/v2\/product"}],"about":[{"href":"https:\/\/argeset.com.tr\/fr\/wp-json\/wp\/v2\/types\/product"}],"wp:featuredmedia":[{"embeddable":true,"href":"https:\/\/argeset.com.tr\/fr\/wp-json\/wp\/v2\/media\/2322"}],"wp:attachment":[{"href":"https:\/\/argeset.com.tr\/fr\/wp-json\/wp\/v2\/media?parent=1355"}],"wp:term":[{"taxonomy":"product_cat","embeddable":true,"href":"https:\/\/argeset.com.tr\/fr\/wp-json\/wp\/v2\/product_cat?post=1355"},{"taxonomy":"product_tag","embeddable":true,"href":"https:\/\/argeset.com.tr\/fr\/wp-json\/wp\/v2\/product_tag?post=1355"}],"curies":[{"name":"wp","href":"https:\/\/api.w.org\/{rel}","templated":true}]}}