{"id":1370,"date":"2023-02-05T14:09:25","date_gmt":"2023-02-05T11:09:25","guid":{"rendered":"https:\/\/argeset.com.tr\/?post_type=product&#038;p=1370"},"modified":"2023-03-19T14:38:13","modified_gmt":"2023-03-19T11:38:13","slug":"arm-133-ust-gosterge","status":"publish","type":"product","link":"https:\/\/argeset.com.tr\/fr\/urun\/arm-133-ust-gosterge\/","title":{"rendered":"ARM-133 Indicateur Superieur"},"content":{"rendered":"<p>ARM-133 Indicateur Superieur<\/p>\n<ul>\n<li>Les boutons encastr\u00e9s de la s\u00e9rie ARM sont devenus un classique dans l\u2019industrie.<\/li>\n<li>Ces boutons encastr\u00e9s peuvent \u00eatre produits en diff\u00e9rentes tailles avec diff\u00e9rentes versions de boutons et ont une hauteur de montage de surface de 20 mm<\/li>\n<\/ul>\n<p><\/p>","protected":false},"excerpt":{"rendered":"<p>ARM-133 Indicateur Superieur Les boutons encastr\u00e9s de la s\u00e9rie ARM sont devenus un classique dans l\u2019industrie. Ces boutons encastr\u00e9s peuvent \u00eatre produits en diff\u00e9rentes tailles avec diff\u00e9rentes versions de boutons et ont une hauteur de montage de surface de 20 mm<\/p>\n","protected":false},"featured_media":2504,"template":"","meta":[],"product_cat":[91],"product_tag":[],"class_list":["post-1370","product","type-product","status-publish","has-post-thumbnail","hentry","product_cat-arm-ust"],"_links":{"self":[{"href":"https:\/\/argeset.com.tr\/fr\/wp-json\/wp\/v2\/product\/1370","targetHints":{"allow":["GET"]}}],"collection":[{"href":"https:\/\/argeset.com.tr\/fr\/wp-json\/wp\/v2\/product"}],"about":[{"href":"https:\/\/argeset.com.tr\/fr\/wp-json\/wp\/v2\/types\/product"}],"wp:featuredmedia":[{"embeddable":true,"href":"https:\/\/argeset.com.tr\/fr\/wp-json\/wp\/v2\/media\/2504"}],"wp:attachment":[{"href":"https:\/\/argeset.com.tr\/fr\/wp-json\/wp\/v2\/media?parent=1370"}],"wp:term":[{"taxonomy":"product_cat","embeddable":true,"href":"https:\/\/argeset.com.tr\/fr\/wp-json\/wp\/v2\/product_cat?post=1370"},{"taxonomy":"product_tag","embeddable":true,"href":"https:\/\/argeset.com.tr\/fr\/wp-json\/wp\/v2\/product_tag?post=1370"}],"curies":[{"name":"wp","href":"https:\/\/api.w.org\/{rel}","templated":true}]}}