{"id":1380,"date":"2023-02-05T14:37:17","date_gmt":"2023-02-05T11:37:17","guid":{"rendered":"https:\/\/argeset.com.tr\/?post_type=product&#038;p=1380"},"modified":"2023-03-19T14:53:46","modified_gmt":"2023-03-19T11:53:46","slug":"art-502-kat-paneli","status":"publish","type":"product","link":"https:\/\/argeset.com.tr\/fr\/urun\/art-502-kat-paneli\/","title":{"rendered":"ART-502 Panneau de plancher"},"content":{"rendered":"<p>ART-502 Panneau de plancher<\/p>\n<ul>\n<li>Boutons tactiles en verre de la s\u00e9rie ART.<\/li>\n<li>Les boutons tactiles en verre de la s\u00e9rie ART, fabriqu\u00e9s en verre tremp\u00e9 de 6 mm, sont devenus un incontournable pour ceux qui cherchent des lignes diff\u00e9rentes dans leurs designs.<\/li>\n<\/ul>\n<p><\/p>","protected":false},"excerpt":{"rendered":"<p><strong>SPECIFICATIONS TECHNIQUES ;<\/strong><\/p>\n<p><strong>LA PLUPART :<\/strong>100 mm<br \/>\n<strong>TAILLE :<\/strong>\u00a0300 mm<br \/>\n<strong>PROFONDEUR :<\/strong>\u00a04mm<\/p>\n<p><strong>DIMENSIONS DU BOITIER ;\u00a0<\/strong>78mm \u2013 278 mm \u2013 30 mm<\/p>\n","protected":false},"featured_media":1381,"template":"","meta":[],"product_cat":[84],"product_tag":[],"class_list":["post-1380","product","type-product","status-publish","has-post-thumbnail","hentry","product_cat-art-kat"],"_links":{"self":[{"href":"https:\/\/argeset.com.tr\/fr\/wp-json\/wp\/v2\/product\/1380","targetHints":{"allow":["GET"]}}],"collection":[{"href":"https:\/\/argeset.com.tr\/fr\/wp-json\/wp\/v2\/product"}],"about":[{"href":"https:\/\/argeset.com.tr\/fr\/wp-json\/wp\/v2\/types\/product"}],"wp:featuredmedia":[{"embeddable":true,"href":"https:\/\/argeset.com.tr\/fr\/wp-json\/wp\/v2\/media\/1381"}],"wp:attachment":[{"href":"https:\/\/argeset.com.tr\/fr\/wp-json\/wp\/v2\/media?parent=1380"}],"wp:term":[{"taxonomy":"product_cat","embeddable":true,"href":"https:\/\/argeset.com.tr\/fr\/wp-json\/wp\/v2\/product_cat?post=1380"},{"taxonomy":"product_tag","embeddable":true,"href":"https:\/\/argeset.com.tr\/fr\/wp-json\/wp\/v2\/product_tag?post=1380"}],"curies":[{"name":"wp","href":"https:\/\/api.w.org\/{rel}","templated":true}]}}