{"id":1386,"date":"2023-02-05T14:46:07","date_gmt":"2023-02-05T11:46:07","guid":{"rendered":"https:\/\/argeset.com.tr\/?post_type=product&#038;p=1386"},"modified":"2023-03-19T14:57:32","modified_gmt":"2023-03-19T11:57:32","slug":"art-512-kat-paneli","status":"publish","type":"product","link":"https:\/\/argeset.com.tr\/fr\/urun\/art-512-kat-paneli\/","title":{"rendered":"ART-512 Panneau de plancher"},"content":{"rendered":"<p>ART-512 Panneau de plancher<\/p>\n<ul>\n<li>Boutons tactiles en verre de la s\u00e9rie ART.<\/li>\n<li>Les boutons tactiles en verre de la s\u00e9rie ART, fabriqu\u00e9s en verre tremp\u00e9 de 6 mm, sont devenus un incontournable pour ceux qui cherchent des lignes diff\u00e9rentes dans leurs designs.<\/li>\n<\/ul>\n<p><\/p>","protected":false},"excerpt":{"rendered":"<p><strong>SPECIFICATIONS TECHNIQUES ;<\/strong><\/p>\n<p><strong>LA PLUPART :<\/strong>100 mm<br \/>\n<strong>TAILLE :<\/strong>\u00a0300 mm<br \/>\n<strong>PROFONDEUR :<\/strong>\u00a04mm<\/p>\n<p><strong>DIMENSIONS DU BOITIER ;\u00a0<\/strong>78mm \u2013 278 mm \u2013 30 mm<\/p>\n","protected":false},"featured_media":1387,"template":"","meta":[],"product_cat":[84],"product_tag":[],"class_list":["post-1386","product","type-product","status-publish","has-post-thumbnail","hentry","product_cat-art-kat"],"_links":{"self":[{"href":"https:\/\/argeset.com.tr\/fr\/wp-json\/wp\/v2\/product\/1386","targetHints":{"allow":["GET"]}}],"collection":[{"href":"https:\/\/argeset.com.tr\/fr\/wp-json\/wp\/v2\/product"}],"about":[{"href":"https:\/\/argeset.com.tr\/fr\/wp-json\/wp\/v2\/types\/product"}],"wp:featuredmedia":[{"embeddable":true,"href":"https:\/\/argeset.com.tr\/fr\/wp-json\/wp\/v2\/media\/1387"}],"wp:attachment":[{"href":"https:\/\/argeset.com.tr\/fr\/wp-json\/wp\/v2\/media?parent=1386"}],"wp:term":[{"taxonomy":"product_cat","embeddable":true,"href":"https:\/\/argeset.com.tr\/fr\/wp-json\/wp\/v2\/product_cat?post=1386"},{"taxonomy":"product_tag","embeddable":true,"href":"https:\/\/argeset.com.tr\/fr\/wp-json\/wp\/v2\/product_tag?post=1386"}],"curies":[{"name":"wp","href":"https:\/\/api.w.org\/{rel}","templated":true}]}}