{"id":1394,"date":"2023-02-05T14:48:35","date_gmt":"2023-02-05T11:48:35","guid":{"rendered":"https:\/\/argeset.com.tr\/?post_type=product&#038;p=1394"},"modified":"2023-03-19T15:07:55","modified_gmt":"2023-03-19T12:07:55","slug":"art-531-ust-gosterge","status":"publish","type":"product","link":"https:\/\/argeset.com.tr\/fr\/urun\/art-531-ust-gosterge\/","title":{"rendered":"ART-531 Indicateur Superieur"},"content":{"rendered":"<p>ART-531 Indicateur Superieur<\/p>\n<ul>\n<li>Boutons tactiles en verre de la s\u00e9rie ART.<\/li>\n<li>Les boutons tactiles en verre de la s\u00e9rie ART, fabriqu\u00e9s en verre tremp\u00e9 de 6 mm, sont devenus un incontournable pour ceux qui cherchent des lignes diff\u00e9rentes dans leurs designs.<\/li>\n<\/ul>\n<p><\/p>","protected":false},"excerpt":{"rendered":"<p>ART-531 Indicateur Superieur Boutons tactiles en verre de la s\u00e9rie ART. Les boutons tactiles en verre de la s\u00e9rie ART, fabriqu\u00e9s en verre tremp\u00e9 de 6 mm, sont devenus un incontournable pour ceux qui cherchent des lignes diff\u00e9rentes dans leurs designs.<\/p>\n","protected":false},"featured_media":1396,"template":"","meta":[],"product_cat":[92],"product_tag":[],"class_list":["post-1394","product","type-product","status-publish","has-post-thumbnail","hentry","product_cat-art-ust"],"_links":{"self":[{"href":"https:\/\/argeset.com.tr\/fr\/wp-json\/wp\/v2\/product\/1394","targetHints":{"allow":["GET"]}}],"collection":[{"href":"https:\/\/argeset.com.tr\/fr\/wp-json\/wp\/v2\/product"}],"about":[{"href":"https:\/\/argeset.com.tr\/fr\/wp-json\/wp\/v2\/types\/product"}],"wp:featuredmedia":[{"embeddable":true,"href":"https:\/\/argeset.com.tr\/fr\/wp-json\/wp\/v2\/media\/1396"}],"wp:attachment":[{"href":"https:\/\/argeset.com.tr\/fr\/wp-json\/wp\/v2\/media?parent=1394"}],"wp:term":[{"taxonomy":"product_cat","embeddable":true,"href":"https:\/\/argeset.com.tr\/fr\/wp-json\/wp\/v2\/product_cat?post=1394"},{"taxonomy":"product_tag","embeddable":true,"href":"https:\/\/argeset.com.tr\/fr\/wp-json\/wp\/v2\/product_tag?post=1394"}],"curies":[{"name":"wp","href":"https:\/\/api.w.org\/{rel}","templated":true}]}}