{"id":1401,"date":"2023-02-05T15:09:23","date_gmt":"2023-02-05T12:09:23","guid":{"rendered":"https:\/\/argeset.com.tr\/?post_type=product&#038;p=1401"},"modified":"2023-03-19T16:01:31","modified_gmt":"2023-03-19T13:01:31","slug":"inka-701-kat-paneli","status":"publish","type":"product","link":"https:\/\/argeset.com.tr\/fr\/urun\/inka-701-kat-paneli\/","title":{"rendered":"\u0130NKA-701 Panneau de plancher"},"content":{"rendered":"<p>\u0130NKA-701 Panneau de plancher<\/p>\n<ul>\n<li>Les boutons encastr\u00e9s de la s\u00e9rie Inka, d&rsquo;une \u00e9paisseur de 7,9 mm, offrent les avantages des boutons encastr\u00e9s au monde de la surface.<\/li>\n<li>Avec une connexion de c\u00e2ble enfichable, il offre une grande facilit\u00e9 d&rsquo;installation tout en minimisant les probl\u00e8mes potentiels.<\/li>\n<li>La version pr\u00e9-c\u00e2bl\u00e9e de la s\u00e9rie Inka a \u00e9galement remport\u00e9 l&rsquo;appr\u00e9ciation de nos clients avec sa finesse et son \u00e9l\u00e9gance.<\/li>\n<\/ul>\n<p><\/p>","protected":false},"excerpt":{"rendered":"<p>\u0130NKA-701 Panneau de plancher Les boutons encastr\u00e9s de la s\u00e9rie Inka, d&rsquo;une \u00e9paisseur de 7,9 mm, offrent les avantages des boutons encastr\u00e9s au monde de la surface. Avec une connexion de c\u00e2ble enfichable, il offre une grande facilit\u00e9 d&rsquo;installation tout en minimisant les probl\u00e8mes potentiels. La version pr\u00e9-c\u00e2bl\u00e9e de la s\u00e9rie Inka a \u00e9galement remport\u00e9 [&hellip;]<\/p>\n","protected":false},"featured_media":2331,"template":"","meta":[],"product_cat":[85],"product_tag":[],"class_list":["post-1401","product","type-product","status-publish","has-post-thumbnail","hentry","product_cat-inka-kat"],"_links":{"self":[{"href":"https:\/\/argeset.com.tr\/fr\/wp-json\/wp\/v2\/product\/1401","targetHints":{"allow":["GET"]}}],"collection":[{"href":"https:\/\/argeset.com.tr\/fr\/wp-json\/wp\/v2\/product"}],"about":[{"href":"https:\/\/argeset.com.tr\/fr\/wp-json\/wp\/v2\/types\/product"}],"wp:featuredmedia":[{"embeddable":true,"href":"https:\/\/argeset.com.tr\/fr\/wp-json\/wp\/v2\/media\/2331"}],"wp:attachment":[{"href":"https:\/\/argeset.com.tr\/fr\/wp-json\/wp\/v2\/media?parent=1401"}],"wp:term":[{"taxonomy":"product_cat","embeddable":true,"href":"https:\/\/argeset.com.tr\/fr\/wp-json\/wp\/v2\/product_cat?post=1401"},{"taxonomy":"product_tag","embeddable":true,"href":"https:\/\/argeset.com.tr\/fr\/wp-json\/wp\/v2\/product_tag?post=1401"}],"curies":[{"name":"wp","href":"https:\/\/api.w.org\/{rel}","templated":true}]}}