{"id":1403,"date":"2023-02-05T15:10:38","date_gmt":"2023-02-05T12:10:38","guid":{"rendered":"https:\/\/argeset.com.tr\/?post_type=product&#038;p=1403"},"modified":"2023-03-19T16:02:04","modified_gmt":"2023-03-19T13:02:04","slug":"inka-702-kat-paneli","status":"publish","type":"product","link":"https:\/\/argeset.com.tr\/fr\/urun\/inka-702-kat-paneli\/","title":{"rendered":"\u0130NKA-702 Panneau de plancher"},"content":{"rendered":"<p>\u0130NKA-702 Panneau de plancher<\/p>\n<ul>\n<li>Les boutons encastr\u00e9s de la s\u00e9rie Inka, d\u2019une \u00e9paisseur de 7,9 mm, offrent les avantages des boutons encastr\u00e9s au monde de la surface.<\/li>\n<li>Avec une connexion de c\u00e2ble enfichable, il offre une grande facilit\u00e9 d\u2019installation tout en minimisant les probl\u00e8mes potentiels.<\/li>\n<li>La version pr\u00e9-c\u00e2bl\u00e9e de la s\u00e9rie Inka a \u00e9galement remport\u00e9 l\u2019appr\u00e9ciation de nos clients avec sa finesse et son \u00e9l\u00e9gance.<\/li>\n<\/ul>\n<p><\/p>","protected":false},"excerpt":{"rendered":"<p>\u0130NKA-702 Panneau de plancher Les boutons encastr\u00e9s de la s\u00e9rie Inka, d\u2019une \u00e9paisseur de 7,9 mm, offrent les avantages des boutons encastr\u00e9s au monde de la surface. Avec une connexion de c\u00e2ble enfichable, il offre une grande facilit\u00e9 d\u2019installation tout en minimisant les probl\u00e8mes potentiels. La version pr\u00e9-c\u00e2bl\u00e9e de la s\u00e9rie Inka a \u00e9galement remport\u00e9 [&hellip;]<\/p>\n","protected":false},"featured_media":2332,"template":"","meta":[],"product_cat":[85],"product_tag":[],"class_list":["post-1403","product","type-product","status-publish","has-post-thumbnail","hentry","product_cat-inka-kat"],"_links":{"self":[{"href":"https:\/\/argeset.com.tr\/fr\/wp-json\/wp\/v2\/product\/1403","targetHints":{"allow":["GET"]}}],"collection":[{"href":"https:\/\/argeset.com.tr\/fr\/wp-json\/wp\/v2\/product"}],"about":[{"href":"https:\/\/argeset.com.tr\/fr\/wp-json\/wp\/v2\/types\/product"}],"wp:featuredmedia":[{"embeddable":true,"href":"https:\/\/argeset.com.tr\/fr\/wp-json\/wp\/v2\/media\/2332"}],"wp:attachment":[{"href":"https:\/\/argeset.com.tr\/fr\/wp-json\/wp\/v2\/media?parent=1403"}],"wp:term":[{"taxonomy":"product_cat","embeddable":true,"href":"https:\/\/argeset.com.tr\/fr\/wp-json\/wp\/v2\/product_cat?post=1403"},{"taxonomy":"product_tag","embeddable":true,"href":"https:\/\/argeset.com.tr\/fr\/wp-json\/wp\/v2\/product_tag?post=1403"}],"curies":[{"name":"wp","href":"https:\/\/api.w.org\/{rel}","templated":true}]}}