{"id":1410,"date":"2023-02-05T15:13:34","date_gmt":"2023-02-05T12:13:34","guid":{"rendered":"https:\/\/argeset.com.tr\/?post_type=product&#038;p=1410"},"modified":"2023-03-19T16:10:52","modified_gmt":"2023-03-19T13:10:52","slug":"inka-721-kat-paneli","status":"publish","type":"product","link":"https:\/\/argeset.com.tr\/fr\/urun\/inka-721-kat-paneli\/","title":{"rendered":"\u0130NKA-721 Panneau de plancher"},"content":{"rendered":"<section class=\"wpb-content-wrapper\"><p>\u0130NKA-721 Panneau de plancher<\/p>\n<div id=\"site-content\" class=\"site-content clearfix\">\n<div id=\"inner-content\" class=\"inner-content-wrap\">\n<div class=\"content-woocommerce\">\n<div class=\"woo-single-post-class\">\n<div id=\"product-1405\" class=\"wpbforwpbakery_single_product product type-product post-1405 status-publish first instock product_cat-inka-kat has-post-thumbnail shipping-taxable product-type-simple\">\n<section class=\"wpb-content-wrapper\">\n<section class=\"vc_rows wpb_row vc_row-fluid\">\n<div class=\"container\">\n<div class=\"row\">\n<div class=\"wpb_column vc_column_container vc_col-sm-12\">\n<div class=\"vc_column-inner\">\n<div class=\"wpb_wrapper\">\n<div class=\" wpbforwpbakery_product_data_tab641708e046a54\">\n<div class=\"woocommerce-tabs wc-tabs-wrapper\">\n<div id=\"tab-description\" class=\"woocommerce-Tabs-panel woocommerce-Tabs-panel--description panel entry-content wc-tab\" role=\"tabpanel\" aria-labelledby=\"tab-title-description\">\n<ul>\n<li>Les boutons encastr\u00e9s de la s\u00e9rie Inka, d\u2019une \u00e9paisseur de 7,9 mm, offrent les avantages des boutons encastr\u00e9s au monde de la surface.<\/li>\n<li>Avec une connexion de c\u00e2ble enfichable, il offre une grande facilit\u00e9 d\u2019installation tout en minimisant les probl\u00e8mes potentiels.<\/li>\n<li>La version pr\u00e9-c\u00e2bl\u00e9e de la s\u00e9rie Inka a \u00e9galement remport\u00e9 l\u2019appr\u00e9ciation de nos clients avec sa finesse et son \u00e9l\u00e9gance.<\/li>\n<\/ul>\n<p>&nbsp;<\/p>\n<\/div>\n<\/div>\n<\/div>\n<\/div>\n<\/div>\n<\/div>\n<\/div>\n<\/div>\n<div class=\"clearfix\"><\/div>\n<\/section>\n<p>&nbsp;<\/p>\n<\/section>\n<\/div>\n<\/div>\n<\/div>\n<\/div>\n<\/div>\n<div id=\"sidebar\" class=\"style-1\">\n<div id=\"secondary\" class=\"widget-area sidebar\" role=\"complementary\">\n<div id=\"woocommerce_product_categories-1\" class=\"widget woocommerce widget_product_categories\">\n<h2 class=\"widget-title\"><\/h2>\n<\/div>\n<\/div>\n<\/div>\n<p><\/p>\n<\/section>","protected":false},"excerpt":{"rendered":"<p><strong>SPECIFICATIONS TECHNIQUES ;<\/strong><\/p>\n<p><strong>LA PLUPART :<\/strong>160 mm<br \/>\n<strong>TAILLE :<\/strong> 278 mm<br \/>\n<strong>PROFONDEUR :<\/strong>\u00a07,9mm<\/p>\n<p>&nbsp;<\/p>\n","protected":false},"featured_media":2334,"template":"","meta":[],"product_cat":[85],"product_tag":[],"class_list":["post-1410","product","type-product","status-publish","has-post-thumbnail","hentry","product_cat-inka-kat"],"_links":{"self":[{"href":"https:\/\/argeset.com.tr\/fr\/wp-json\/wp\/v2\/product\/1410","targetHints":{"allow":["GET"]}}],"collection":[{"href":"https:\/\/argeset.com.tr\/fr\/wp-json\/wp\/v2\/product"}],"about":[{"href":"https:\/\/argeset.com.tr\/fr\/wp-json\/wp\/v2\/types\/product"}],"wp:featuredmedia":[{"embeddable":true,"href":"https:\/\/argeset.com.tr\/fr\/wp-json\/wp\/v2\/media\/2334"}],"wp:attachment":[{"href":"https:\/\/argeset.com.tr\/fr\/wp-json\/wp\/v2\/media?parent=1410"}],"wp:term":[{"taxonomy":"product_cat","embeddable":true,"href":"https:\/\/argeset.com.tr\/fr\/wp-json\/wp\/v2\/product_cat?post=1410"},{"taxonomy":"product_tag","embeddable":true,"href":"https:\/\/argeset.com.tr\/fr\/wp-json\/wp\/v2\/product_tag?post=1410"}],"curies":[{"name":"wp","href":"https:\/\/api.w.org\/{rel}","templated":true}]}}