{"id":1412,"date":"2023-02-05T15:15:26","date_gmt":"2023-02-05T12:15:26","guid":{"rendered":"https:\/\/argeset.com.tr\/?post_type=product&#038;p=1412"},"modified":"2023-03-19T16:13:01","modified_gmt":"2023-03-19T13:13:01","slug":"inka-722-kat-paneli","status":"publish","type":"product","link":"https:\/\/argeset.com.tr\/fr\/urun\/inka-722-kat-paneli\/","title":{"rendered":"\u0130NKA-722 Panneau de plancher"},"content":{"rendered":"<p>\u0130NKA-722 Panneau de plancher<\/p>\n<ul>\n<li>Les boutons encastr\u00e9s de la s\u00e9rie Inka, d\u2019une \u00e9paisseur de 7,9 mm, offrent les avantages des boutons encastr\u00e9s au monde de la surface.<\/li>\n<li>Avec une connexion de c\u00e2ble enfichable, il offre une grande facilit\u00e9 d\u2019installation tout en minimisant les probl\u00e8mes potentiels.<\/li>\n<li>La version pr\u00e9-c\u00e2bl\u00e9e de la s\u00e9rie Inka a \u00e9galement remport\u00e9 l\u2019appr\u00e9ciation de nos clients avec sa finesse et son \u00e9l\u00e9gance.<\/li>\n<\/ul>\n<p><\/p>","protected":false},"excerpt":{"rendered":"<p><strong>SPECIFICATIONS TECHNIQUES ;<\/strong><\/p>\n<p><strong>LA PLUPART :<\/strong>160mm<br \/>\n<strong>TAILLE :<\/strong> 278mm<br \/>\n<strong>PROFONDEUR :<\/strong>\u00a07,9mm<\/p>\n<p>&nbsp;<\/p>\n","protected":false},"featured_media":2335,"template":"","meta":[],"product_cat":[85],"product_tag":[],"class_list":["post-1412","product","type-product","status-publish","has-post-thumbnail","hentry","product_cat-inka-kat"],"_links":{"self":[{"href":"https:\/\/argeset.com.tr\/fr\/wp-json\/wp\/v2\/product\/1412","targetHints":{"allow":["GET"]}}],"collection":[{"href":"https:\/\/argeset.com.tr\/fr\/wp-json\/wp\/v2\/product"}],"about":[{"href":"https:\/\/argeset.com.tr\/fr\/wp-json\/wp\/v2\/types\/product"}],"wp:featuredmedia":[{"embeddable":true,"href":"https:\/\/argeset.com.tr\/fr\/wp-json\/wp\/v2\/media\/2335"}],"wp:attachment":[{"href":"https:\/\/argeset.com.tr\/fr\/wp-json\/wp\/v2\/media?parent=1412"}],"wp:term":[{"taxonomy":"product_cat","embeddable":true,"href":"https:\/\/argeset.com.tr\/fr\/wp-json\/wp\/v2\/product_cat?post=1412"},{"taxonomy":"product_tag","embeddable":true,"href":"https:\/\/argeset.com.tr\/fr\/wp-json\/wp\/v2\/product_tag?post=1412"}],"curies":[{"name":"wp","href":"https:\/\/api.w.org\/{rel}","templated":true}]}}