{"id":1414,"date":"2023-02-05T15:16:44","date_gmt":"2023-02-05T12:16:44","guid":{"rendered":"https:\/\/argeset.com.tr\/?post_type=product&#038;p=1414"},"modified":"2023-03-19T16:16:56","modified_gmt":"2023-03-19T13:16:56","slug":"inka-731-ust-gosterge","status":"publish","type":"product","link":"https:\/\/argeset.com.tr\/fr\/urun\/inka-731-ust-gosterge\/","title":{"rendered":"\u0130NKA-731 Indicateur Superieur"},"content":{"rendered":"<p>\u0130NKA-731 Indicateur Superieur<\/p>\n<p>Avec son \u00e9paisseur de corps de 8,9 mm, notre produit rend les boutons de cabine cach\u00e9s presque inutiles, tout en offrant une grande facilit\u00e9 de travail avec son bouton mont\u00e9 sur la plaque de base et son ensemble \u00e9lectronique.<\/p>","protected":false},"excerpt":{"rendered":"<p>\u0130NKA-731 Indicateur Superieur Avec son \u00e9paisseur de corps de 8,9 mm, notre produit rend les boutons de cabine cach\u00e9s presque inutiles, tout en offrant une grande facilit\u00e9 de travail avec son bouton mont\u00e9 sur la plaque de base et son ensemble \u00e9lectronique.<\/p>\n","protected":false},"featured_media":2336,"template":"","meta":[],"product_cat":[93],"product_tag":[],"class_list":["post-1414","product","type-product","status-publish","has-post-thumbnail","hentry","product_cat-inka-ust"],"_links":{"self":[{"href":"https:\/\/argeset.com.tr\/fr\/wp-json\/wp\/v2\/product\/1414","targetHints":{"allow":["GET"]}}],"collection":[{"href":"https:\/\/argeset.com.tr\/fr\/wp-json\/wp\/v2\/product"}],"about":[{"href":"https:\/\/argeset.com.tr\/fr\/wp-json\/wp\/v2\/types\/product"}],"wp:featuredmedia":[{"embeddable":true,"href":"https:\/\/argeset.com.tr\/fr\/wp-json\/wp\/v2\/media\/2336"}],"wp:attachment":[{"href":"https:\/\/argeset.com.tr\/fr\/wp-json\/wp\/v2\/media?parent=1414"}],"wp:term":[{"taxonomy":"product_cat","embeddable":true,"href":"https:\/\/argeset.com.tr\/fr\/wp-json\/wp\/v2\/product_cat?post=1414"},{"taxonomy":"product_tag","embeddable":true,"href":"https:\/\/argeset.com.tr\/fr\/wp-json\/wp\/v2\/product_tag?post=1414"}],"curies":[{"name":"wp","href":"https:\/\/api.w.org\/{rel}","templated":true}]}}