{"id":1416,"date":"2023-02-05T15:18:11","date_gmt":"2023-02-05T12:18:11","guid":{"rendered":"https:\/\/argeset.com.tr\/?post_type=product&#038;p=1416"},"modified":"2023-03-19T16:18:50","modified_gmt":"2023-03-19T13:18:50","slug":"inka-732-ust-gosterge","status":"publish","type":"product","link":"https:\/\/argeset.com.tr\/fr\/urun\/inka-732-ust-gosterge\/","title":{"rendered":"\u0130NKA-732 Indicateur Superieur"},"content":{"rendered":"<section class=\"wpb-content-wrapper\"><p>\u0130NKA-732 Indicateur Superieur<\/p>\n<div id=\"site-content\" class=\"site-content clearfix\">\n<div id=\"inner-content\" class=\"inner-content-wrap\">\n<div class=\"content-woocommerce\">\n<div class=\"woo-single-post-class\">\n<div id=\"product-1414\" class=\"wpbforwpbakery_single_product product type-product post-1414 status-publish first instock product_cat-inka-ust has-post-thumbnail shipping-taxable product-type-simple\">\n<section class=\"wpb-content-wrapper\">\n<section class=\"vc_rows wpb_row vc_row-fluid\">\n<div class=\"container\">\n<div class=\"row\">\n<div class=\"wpb_column vc_column_container vc_col-sm-12\">\n<div class=\"vc_column-inner\">\n<div class=\"wpb_wrapper\">\n<div class=\" wpbforwpbakery_product_data_tab64170b798c4c4\">\n<div class=\"woocommerce-tabs wc-tabs-wrapper\">\n<div id=\"tab-description\" class=\"woocommerce-Tabs-panel woocommerce-Tabs-panel--description panel entry-content wc-tab\" role=\"tabpanel\" aria-labelledby=\"tab-title-description\">\n<p>Avec son \u00e9paisseur de corps de 8,9 mm, notre produit rend les boutons de cabine cach\u00e9s presque inutiles, tout en offrant une grande facilit\u00e9 de travail avec son bouton mont\u00e9 sur la plaque de base et son ensemble \u00e9lectronique.<\/p>\n<\/div>\n<\/div>\n<\/div>\n<\/div>\n<\/div>\n<\/div>\n<\/div>\n<\/div>\n<div class=\"clearfix\"><\/div>\n<\/section>\n<p>&nbsp;<\/p>\n<\/section>\n<\/div>\n<\/div>\n<\/div>\n<\/div>\n<\/div>\n<div id=\"sidebar\" class=\"style-1\">\n<div id=\"secondary\" class=\"widget-area sidebar\" role=\"complementary\">\n<div id=\"woocommerce_product_categories-1\" class=\"widget woocommerce widget_product_categories\">\n<h2 class=\"widget-title\"><\/h2>\n<\/div>\n<\/div>\n<\/div>\n<p><\/p>\n<\/section>","protected":false},"excerpt":{"rendered":"<p>\u0130NKA-732 Indicateur Superieur Avec son \u00e9paisseur de corps de 8,9 mm, notre produit rend les boutons de cabine cach\u00e9s presque inutiles, tout en offrant une grande facilit\u00e9 de travail avec son bouton mont\u00e9 sur la plaque de base et son ensemble \u00e9lectronique. &nbsp;<\/p>\n","protected":false},"featured_media":1417,"template":"","meta":[],"product_cat":[93],"product_tag":[],"class_list":["post-1416","product","type-product","status-publish","has-post-thumbnail","hentry","product_cat-inka-ust"],"_links":{"self":[{"href":"https:\/\/argeset.com.tr\/fr\/wp-json\/wp\/v2\/product\/1416","targetHints":{"allow":["GET"]}}],"collection":[{"href":"https:\/\/argeset.com.tr\/fr\/wp-json\/wp\/v2\/product"}],"about":[{"href":"https:\/\/argeset.com.tr\/fr\/wp-json\/wp\/v2\/types\/product"}],"wp:featuredmedia":[{"embeddable":true,"href":"https:\/\/argeset.com.tr\/fr\/wp-json\/wp\/v2\/media\/1417"}],"wp:attachment":[{"href":"https:\/\/argeset.com.tr\/fr\/wp-json\/wp\/v2\/media?parent=1416"}],"wp:term":[{"taxonomy":"product_cat","embeddable":true,"href":"https:\/\/argeset.com.tr\/fr\/wp-json\/wp\/v2\/product_cat?post=1416"},{"taxonomy":"product_tag","embeddable":true,"href":"https:\/\/argeset.com.tr\/fr\/wp-json\/wp\/v2\/product_tag?post=1416"}],"curies":[{"name":"wp","href":"https:\/\/api.w.org\/{rel}","templated":true}]}}