{"id":1418,"date":"2023-02-05T15:20:23","date_gmt":"2023-02-05T12:20:23","guid":{"rendered":"https:\/\/argeset.com.tr\/?post_type=product&#038;p=1418"},"modified":"2023-03-19T16:23:42","modified_gmt":"2023-03-19T13:23:42","slug":"inka-751-kabin-paneli","status":"publish","type":"product","link":"https:\/\/argeset.com.tr\/fr\/urun\/inka-751-kabin-paneli\/","title":{"rendered":"\u0130NKA-751 Panneau de Cabine"},"content":{"rendered":"<p>\u0130NKA-751 Panneau de Cabine<\/p>\n<div class=\"group w-full text-gray-800 dark:text-gray-100 border-b border-black\/10 dark:border-gray-900\/50 bg-gray-50 dark:bg-[#444654]\">\n<div class=\"text-base gap-4 md:gap-6 md:max-w-2xl lg:max-w-2xl xl:max-w-3xl p-4 md:py-6 flex lg:px-0 m-auto\">\n<div class=\"relative flex w-[calc(100%-50px)] flex-col gap-1 md:gap-3 lg:w-[calc(100%-115px)]\">\n<div class=\"flex flex-grow flex-col gap-3\">\n<div class=\"min-h-[20px] flex flex-col items-start gap-4 whitespace-pre-wrap\">\n<div class=\"markdown prose w-full break-words dark:prose-invert light\">\n<p>Avec son \u00e9paisseur de corps de 8,9 mm, notre produit rend les boutons de cabine cach\u00e9s presque inutiles, tout en offrant une grande facilit\u00e9 de travail avec son bouton mont\u00e9 sur la plaque de base et son ensemble \u00e9lectronique.<\/p>\n<\/div>\n<\/div>\n<\/div>\n<div class=\"flex justify-between\">\n<div class=\"text-gray-400 flex self-end lg:self-center justify-center mt-2 gap-3 md:gap-4 lg:gap-1 lg:absolute lg:top-0 lg:translate-x-full lg:right-0 lg:mt-0 lg:pl-2 visible\"><\/div>\n<\/div>\n<\/div>\n<\/div>\n<\/div>\n<p><\/p>","protected":false},"excerpt":{"rendered":"<p><strong>SPECIFICATIONS TECHNIQUES ;<\/strong><\/p>\n<p><strong>LA PLUPART :<\/strong> 1172 mm<br \/>\n<strong>TAILLE :<\/strong>\u00a01000 mm<br \/>\n<strong>PROFONDEUR :<\/strong> 8,9mm<\/p>\n<p>&nbsp;<\/p>\n","protected":false},"featured_media":1419,"template":"","meta":[],"product_cat":[62],"product_tag":[],"class_list":["post-1418","product","type-product","status-publish","has-post-thumbnail","hentry","product_cat-inka-kabin"],"_links":{"self":[{"href":"https:\/\/argeset.com.tr\/fr\/wp-json\/wp\/v2\/product\/1418","targetHints":{"allow":["GET"]}}],"collection":[{"href":"https:\/\/argeset.com.tr\/fr\/wp-json\/wp\/v2\/product"}],"about":[{"href":"https:\/\/argeset.com.tr\/fr\/wp-json\/wp\/v2\/types\/product"}],"wp:featuredmedia":[{"embeddable":true,"href":"https:\/\/argeset.com.tr\/fr\/wp-json\/wp\/v2\/media\/1419"}],"wp:attachment":[{"href":"https:\/\/argeset.com.tr\/fr\/wp-json\/wp\/v2\/media?parent=1418"}],"wp:term":[{"taxonomy":"product_cat","embeddable":true,"href":"https:\/\/argeset.com.tr\/fr\/wp-json\/wp\/v2\/product_cat?post=1418"},{"taxonomy":"product_tag","embeddable":true,"href":"https:\/\/argeset.com.tr\/fr\/wp-json\/wp\/v2\/product_tag?post=1418"}],"curies":[{"name":"wp","href":"https:\/\/api.w.org\/{rel}","templated":true}]}}