{"id":1442,"date":"2023-02-05T15:51:27","date_gmt":"2023-02-05T12:51:27","guid":{"rendered":"https:\/\/argeset.com.tr\/?post_type=product&#038;p=1442"},"modified":"2023-03-19T17:11:28","modified_gmt":"2023-03-19T14:11:28","slug":"inkado-831-ust-gosterge","status":"publish","type":"product","link":"https:\/\/argeset.com.tr\/fr\/urun\/inkado-831-ust-gosterge\/","title":{"rendered":"\u0130NKADO-831 Indicateur Superieur"},"content":{"rendered":"<p>\u0130NKADO-831 Indicateur Superieur<\/p>\n<ul>\n<li>Panneaux Tactiles de la S\u00e9rie INKADO<\/li>\n<li>Notre groupe de produits qui combine la visualit\u00e9 des boutons tactiles en verre avec des boutons classiques en acier inoxydable offre une solution id\u00e9ale pour ceux qui cherchent de l&rsquo;innovation mais ne peuvent pas renoncer aux produits classiques.<\/li>\n<\/ul>\n<p><\/p>","protected":false},"excerpt":{"rendered":"<p>\u0130NKADO-831 Indicateur Superieur Panneaux Tactiles de la S\u00e9rie INKADO Notre groupe de produits qui combine la visualit\u00e9 des boutons tactiles en verre avec des boutons classiques en acier inoxydable offre une solution id\u00e9ale pour ceux qui cherchent de l&rsquo;innovation mais ne peuvent pas renoncer aux produits classiques.<\/p>\n","protected":false},"featured_media":1443,"template":"","meta":[],"product_cat":[94],"product_tag":[],"class_list":["post-1442","product","type-product","status-publish","has-post-thumbnail","hentry","product_cat-inkado-ust"],"_links":{"self":[{"href":"https:\/\/argeset.com.tr\/fr\/wp-json\/wp\/v2\/product\/1442","targetHints":{"allow":["GET"]}}],"collection":[{"href":"https:\/\/argeset.com.tr\/fr\/wp-json\/wp\/v2\/product"}],"about":[{"href":"https:\/\/argeset.com.tr\/fr\/wp-json\/wp\/v2\/types\/product"}],"wp:featuredmedia":[{"embeddable":true,"href":"https:\/\/argeset.com.tr\/fr\/wp-json\/wp\/v2\/media\/1443"}],"wp:attachment":[{"href":"https:\/\/argeset.com.tr\/fr\/wp-json\/wp\/v2\/media?parent=1442"}],"wp:term":[{"taxonomy":"product_cat","embeddable":true,"href":"https:\/\/argeset.com.tr\/fr\/wp-json\/wp\/v2\/product_cat?post=1442"},{"taxonomy":"product_tag","embeddable":true,"href":"https:\/\/argeset.com.tr\/fr\/wp-json\/wp\/v2\/product_tag?post=1442"}],"curies":[{"name":"wp","href":"https:\/\/api.w.org\/{rel}","templated":true}]}}