{"id":1446,"date":"2023-02-05T16:10:10","date_gmt":"2023-02-05T13:10:10","guid":{"rendered":"https:\/\/argeset.com.tr\/?post_type=product&#038;p=1446"},"modified":"2023-03-19T17:29:48","modified_gmt":"2023-03-19T14:29:48","slug":"mika-311-bb-kat-paneli","status":"publish","type":"product","link":"https:\/\/argeset.com.tr\/fr\/urun\/mika-311-bb-kat-paneli\/","title":{"rendered":"M\u0130KA-311-BB Panneau de plancher"},"content":{"rendered":"<p>M\u0130KA-311-BB Panneau de plancher<\/p>\n<ul>\n<li>Boutons de la s\u00e9rie Mika&#8230;<\/li>\n<li>Ces produits qui combinent le plastique et le m\u00e9tal dans leur forme la plus esth\u00e9tique et la plus durable apporteront du plaisir aux utilisateurs.<\/li>\n<li>Installation et d\u00e9montage faciles<\/li>\n<li>Les options de couleur de la s\u00e9rie Mika, qui est actuellement produite en 3 couleurs principales, peuvent \u00eatre \u00e9tendues selon votre demande.<\/li>\n<\/ul>\n<p><\/p>","protected":false},"excerpt":{"rendered":"<p><strong>SPECIFICATIONS TECHNIQUES ;<\/strong><\/p>\n<p><strong>LA PLUPART :<\/strong> 104 mm<br \/>\n<strong>TAILLE :<\/strong>273 mm<br \/>\n<strong>PROFONDEUR :<\/strong> 12 mm<\/p>\n","protected":false},"featured_media":1447,"template":"","meta":[],"product_cat":[87],"product_tag":[],"class_list":["post-1446","product","type-product","status-publish","has-post-thumbnail","hentry","product_cat-mika-kat"],"_links":{"self":[{"href":"https:\/\/argeset.com.tr\/fr\/wp-json\/wp\/v2\/product\/1446","targetHints":{"allow":["GET"]}}],"collection":[{"href":"https:\/\/argeset.com.tr\/fr\/wp-json\/wp\/v2\/product"}],"about":[{"href":"https:\/\/argeset.com.tr\/fr\/wp-json\/wp\/v2\/types\/product"}],"wp:featuredmedia":[{"embeddable":true,"href":"https:\/\/argeset.com.tr\/fr\/wp-json\/wp\/v2\/media\/1447"}],"wp:attachment":[{"href":"https:\/\/argeset.com.tr\/fr\/wp-json\/wp\/v2\/media?parent=1446"}],"wp:term":[{"taxonomy":"product_cat","embeddable":true,"href":"https:\/\/argeset.com.tr\/fr\/wp-json\/wp\/v2\/product_cat?post=1446"},{"taxonomy":"product_tag","embeddable":true,"href":"https:\/\/argeset.com.tr\/fr\/wp-json\/wp\/v2\/product_tag?post=1446"}],"curies":[{"name":"wp","href":"https:\/\/api.w.org\/{rel}","templated":true}]}}