{"id":1484,"date":"2023-02-05T17:05:23","date_gmt":"2023-02-05T14:05:23","guid":{"rendered":"https:\/\/argeset.com.tr\/?post_type=product&#038;p=1484"},"modified":"2023-03-19T18:28:42","modified_gmt":"2023-03-19T15:28:42","slug":"mikado-431-bb-dot-ust-gosterge","status":"publish","type":"product","link":"https:\/\/argeset.com.tr\/fr\/urun\/mikado-431-bb-dot-ust-gosterge\/","title":{"rendered":"M\u0130KADO-431-BB-DOT Indicateur Superieur"},"content":{"rendered":"<p>M\u0130KADO-431-BB-DOT Indicateur Superieur<\/p>\n<ul>\n<li>Nos boutons de la s\u00e9rie Mikado sont la version TACTILE de notre s\u00e9rie Mika.<\/li>\n<li>Avec des boutons tactiles con\u00e7us pour les personnes handicap\u00e9es, vous ne renoncerez pas \u00e0 la s\u00e9rie Mikado, qui comprend l&rsquo;alphabet Braille.<\/li>\n<\/ul>\n<p><\/p>","protected":false},"excerpt":{"rendered":"<p>M\u0130KADO-431-BB-DOT Indicateur Superieur Nos boutons de la s\u00e9rie Mikado sont la version TACTILE de notre s\u00e9rie Mika. Avec des boutons tactiles con\u00e7us pour les personnes handicap\u00e9es, vous ne renoncerez pas \u00e0 la s\u00e9rie Mikado, qui comprend l&rsquo;alphabet Braille.<\/p>\n","protected":false},"featured_media":1485,"template":"","meta":[],"product_cat":[96],"product_tag":[],"class_list":["post-1484","product","type-product","status-publish","has-post-thumbnail","hentry","product_cat-mikado-ust"],"_links":{"self":[{"href":"https:\/\/argeset.com.tr\/fr\/wp-json\/wp\/v2\/product\/1484","targetHints":{"allow":["GET"]}}],"collection":[{"href":"https:\/\/argeset.com.tr\/fr\/wp-json\/wp\/v2\/product"}],"about":[{"href":"https:\/\/argeset.com.tr\/fr\/wp-json\/wp\/v2\/types\/product"}],"wp:featuredmedia":[{"embeddable":true,"href":"https:\/\/argeset.com.tr\/fr\/wp-json\/wp\/v2\/media\/1485"}],"wp:attachment":[{"href":"https:\/\/argeset.com.tr\/fr\/wp-json\/wp\/v2\/media?parent=1484"}],"wp:term":[{"taxonomy":"product_cat","embeddable":true,"href":"https:\/\/argeset.com.tr\/fr\/wp-json\/wp\/v2\/product_cat?post=1484"},{"taxonomy":"product_tag","embeddable":true,"href":"https:\/\/argeset.com.tr\/fr\/wp-json\/wp\/v2\/product_tag?post=1484"}],"curies":[{"name":"wp","href":"https:\/\/api.w.org\/{rel}","templated":true}]}}