{"id":1486,"date":"2023-02-05T17:06:14","date_gmt":"2023-02-05T14:06:14","guid":{"rendered":"https:\/\/argeset.com.tr\/?post_type=product&#038;p=1486"},"modified":"2023-03-19T18:30:30","modified_gmt":"2023-03-19T15:30:30","slug":"mikado-431-mm-ust-gosterge","status":"publish","type":"product","link":"https:\/\/argeset.com.tr\/fr\/urun\/mikado-431-mm-ust-gosterge\/","title":{"rendered":"M\u0130KADO-431-MM Indicateur Superieur"},"content":{"rendered":"<section class=\"wpb-content-wrapper\"><p>M\u0130KADO-431-MM Indicateur Superieur<\/p>\n<div id=\"site-content\" class=\"site-content clearfix\">\n<div id=\"inner-content\" class=\"inner-content-wrap\">\n<div class=\"content-woocommerce\">\n<div class=\"woo-single-post-class\">\n<div id=\"product-1484\" class=\"wpbforwpbakery_single_product product type-product post-1484 status-publish first instock product_cat-mikado-ust has-post-thumbnail shipping-taxable product-type-simple\">\n<section class=\"wpb-content-wrapper\">\n<section class=\"vc_rows wpb_row vc_row-fluid\">\n<div class=\"container\">\n<div class=\"row\">\n<div class=\"wpb_column vc_column_container vc_col-sm-12\">\n<div class=\"vc_column-inner\">\n<div class=\"wpb_wrapper\">\n<div class=\" wpbforwpbakery_product_data_tab64172a3c9b7fd\">\n<div class=\"woocommerce-tabs wc-tabs-wrapper\">\n<div id=\"tab-description\" class=\"woocommerce-Tabs-panel woocommerce-Tabs-panel--description panel entry-content wc-tab\" role=\"tabpanel\" aria-labelledby=\"tab-title-description\">\n<ul>\n<li>Nos boutons de la s\u00e9rie Mikado sont la version TACTILE de notre s\u00e9rie Mika.<\/li>\n<li>Avec des boutons tactiles con\u00e7us pour les personnes handicap\u00e9es, vous ne renoncerez pas \u00e0 la s\u00e9rie Mikado, qui comprend l\u2019alphabet Braille.<\/li>\n<\/ul>\n<\/div>\n<\/div>\n<\/div>\n<\/div>\n<\/div>\n<\/div>\n<\/div>\n<\/div>\n<\/section>\n<\/section>\n<\/div>\n<\/div>\n<\/div>\n<\/div>\n<\/div>\n<p><\/p>\n<\/section>","protected":false},"excerpt":{"rendered":"<p>M\u0130KADO-431-MM Indicateur Superieur Nos boutons de la s\u00e9rie Mikado sont la version TACTILE de notre s\u00e9rie Mika. Avec des boutons tactiles con\u00e7us pour les personnes handicap\u00e9es, vous ne renoncerez pas \u00e0 la s\u00e9rie Mikado, qui comprend l\u2019alphabet Braille.<\/p>\n","protected":false},"featured_media":1487,"template":"","meta":[],"product_cat":[96],"product_tag":[],"class_list":["post-1486","product","type-product","status-publish","has-post-thumbnail","hentry","product_cat-mikado-ust"],"_links":{"self":[{"href":"https:\/\/argeset.com.tr\/fr\/wp-json\/wp\/v2\/product\/1486","targetHints":{"allow":["GET"]}}],"collection":[{"href":"https:\/\/argeset.com.tr\/fr\/wp-json\/wp\/v2\/product"}],"about":[{"href":"https:\/\/argeset.com.tr\/fr\/wp-json\/wp\/v2\/types\/product"}],"wp:featuredmedia":[{"embeddable":true,"href":"https:\/\/argeset.com.tr\/fr\/wp-json\/wp\/v2\/media\/1487"}],"wp:attachment":[{"href":"https:\/\/argeset.com.tr\/fr\/wp-json\/wp\/v2\/media?parent=1486"}],"wp:term":[{"taxonomy":"product_cat","embeddable":true,"href":"https:\/\/argeset.com.tr\/fr\/wp-json\/wp\/v2\/product_cat?post=1486"},{"taxonomy":"product_tag","embeddable":true,"href":"https:\/\/argeset.com.tr\/fr\/wp-json\/wp\/v2\/product_tag?post=1486"}],"curies":[{"name":"wp","href":"https:\/\/api.w.org\/{rel}","templated":true}]}}