{"id":1513,"date":"2023-02-05T18:30:54","date_gmt":"2023-02-05T15:30:54","guid":{"rendered":"https:\/\/argeset.com.tr\/?post_type=product&#038;p=1513"},"modified":"2023-03-19T19:32:28","modified_gmt":"2023-03-19T16:32:28","slug":"quaddro-932-ust-gosterge","status":"publish","type":"product","link":"https:\/\/argeset.com.tr\/fr\/urun\/quaddro-932-ust-gosterge\/","title":{"rendered":"QUADDRO-932 Indicateur Superieur"},"content":{"rendered":"<p>QUADDRO-932 Indicateur Superieur<\/p>\n<ul>\n<li>Boutons de montage en surface Quaddro<\/li>\n<li>Si vous pr\u00e9f\u00e9rez les designs classiques aux visuels complexes et que vous valorisez la rapidit\u00e9 et la facilit\u00e9 d&rsquo;installation, alors votre choix devrait \u00eatre la s\u00e9rie Quaddro<\/li>\n<\/ul>\n<p><\/p>","protected":false},"excerpt":{"rendered":"<p>QUADDRO-932 Indicateur Superieur Boutons de montage en surface Quaddro Si vous pr\u00e9f\u00e9rez les designs classiques aux visuels complexes et que vous valorisez la rapidit\u00e9 et la facilit\u00e9 d&rsquo;installation, alors votre choix devrait \u00eatre la s\u00e9rie Quaddro<\/p>\n","protected":false},"featured_media":2356,"template":"","meta":[],"product_cat":[97],"product_tag":[],"class_list":["post-1513","product","type-product","status-publish","has-post-thumbnail","hentry","product_cat-qaddro-ust"],"_links":{"self":[{"href":"https:\/\/argeset.com.tr\/fr\/wp-json\/wp\/v2\/product\/1513","targetHints":{"allow":["GET"]}}],"collection":[{"href":"https:\/\/argeset.com.tr\/fr\/wp-json\/wp\/v2\/product"}],"about":[{"href":"https:\/\/argeset.com.tr\/fr\/wp-json\/wp\/v2\/types\/product"}],"wp:featuredmedia":[{"embeddable":true,"href":"https:\/\/argeset.com.tr\/fr\/wp-json\/wp\/v2\/media\/2356"}],"wp:attachment":[{"href":"https:\/\/argeset.com.tr\/fr\/wp-json\/wp\/v2\/media?parent=1513"}],"wp:term":[{"taxonomy":"product_cat","embeddable":true,"href":"https:\/\/argeset.com.tr\/fr\/wp-json\/wp\/v2\/product_cat?post=1513"},{"taxonomy":"product_tag","embeddable":true,"href":"https:\/\/argeset.com.tr\/fr\/wp-json\/wp\/v2\/product_tag?post=1513"}],"curies":[{"name":"wp","href":"https:\/\/api.w.org\/{rel}","templated":true}]}}