{"id":1520,"date":"2023-02-05T18:33:45","date_gmt":"2023-02-05T15:33:45","guid":{"rendered":"https:\/\/argeset.com.tr\/?post_type=product&#038;p=1520"},"modified":"2023-03-19T19:39:49","modified_gmt":"2023-03-19T16:39:49","slug":"quaddro-952-kabin-paneli","status":"publish","type":"product","link":"https:\/\/argeset.com.tr\/fr\/urun\/quaddro-952-kabin-paneli\/","title":{"rendered":"QUADDRO-952 Panneau de Cabine"},"content":{"rendered":"<p>QUADDRO-952 Panneau de Cabine<\/p>\n<ul>\n<li>Boutons de montage en surface Quaddro<\/li>\n<li>Si vous pr\u00e9f\u00e9rez les designs classiques aux visuels complexes et que vous valorisez la rapidit\u00e9 et la facilit\u00e9 d&rsquo;installation, alors votre choix devrait \u00eatre la s\u00e9rie Quaddro<\/li>\n<\/ul>\n<p><\/p>","protected":false},"excerpt":{"rendered":"<p><strong>SPECIFICATIONS TECHNIQUES ;<\/strong><\/p>\n<p><strong>LA PLUPART :<\/strong>\u00a0200 mm<br \/>\n<strong>TAILLE :<\/strong>\u00a01000 mm<br \/>\n<strong>PROFONDEUR :<\/strong> 8,9 mm<\/p>\n","protected":false},"featured_media":2344,"template":"","meta":[],"product_cat":[66],"product_tag":[],"class_list":["post-1520","product","type-product","status-publish","has-post-thumbnail","hentry","product_cat-qaddro-kabin"],"_links":{"self":[{"href":"https:\/\/argeset.com.tr\/fr\/wp-json\/wp\/v2\/product\/1520","targetHints":{"allow":["GET"]}}],"collection":[{"href":"https:\/\/argeset.com.tr\/fr\/wp-json\/wp\/v2\/product"}],"about":[{"href":"https:\/\/argeset.com.tr\/fr\/wp-json\/wp\/v2\/types\/product"}],"wp:featuredmedia":[{"embeddable":true,"href":"https:\/\/argeset.com.tr\/fr\/wp-json\/wp\/v2\/media\/2344"}],"wp:attachment":[{"href":"https:\/\/argeset.com.tr\/fr\/wp-json\/wp\/v2\/media?parent=1520"}],"wp:term":[{"taxonomy":"product_cat","embeddable":true,"href":"https:\/\/argeset.com.tr\/fr\/wp-json\/wp\/v2\/product_cat?post=1520"},{"taxonomy":"product_tag","embeddable":true,"href":"https:\/\/argeset.com.tr\/fr\/wp-json\/wp\/v2\/product_tag?post=1520"}],"curies":[{"name":"wp","href":"https:\/\/api.w.org\/{rel}","templated":true}]}}