{"id":2350,"date":"2023-03-04T00:01:42","date_gmt":"2023-03-03T21:01:42","guid":{"rendered":"https:\/\/argeset.com.tr\/?post_type=product&#038;p=2350"},"modified":"2023-03-19T19:26:50","modified_gmt":"2023-03-19T16:26:50","slug":"quaddro-912-kat-paneli","status":"publish","type":"product","link":"https:\/\/argeset.com.tr\/fr\/urun\/quaddro-912-kat-paneli\/","title":{"rendered":"QUADDRO-912 Panneau de plancher"},"content":{"rendered":"<section class=\"wpb-content-wrapper\"><p>QUADDRO-912 Panneau de plancher<\/p>\n<div id=\"site-content\" class=\"site-content clearfix\">\n<div id=\"inner-content\" class=\"inner-content-wrap\">\n<div class=\"content-woocommerce\">\n<div class=\"woo-single-post-class\">\n<div id=\"product-1494\" class=\"wpbforwpbakery_single_product product type-product post-1494 status-publish first instock product_cat-qaddro-kat has-post-thumbnail shipping-taxable product-type-simple\">\n<section class=\"wpb-content-wrapper\">\n<section class=\"vc_rows wpb_row vc_row-fluid\">\n<div class=\"container\">\n<div class=\"row\">\n<div class=\"wpb_column vc_column_container vc_col-sm-12\">\n<div class=\"vc_column-inner\">\n<div class=\"wpb_wrapper\">\n<div class=\" wpbforwpbakery_product_data_tab64173674315b0\">\n<div class=\"woocommerce-tabs wc-tabs-wrapper\">\n<div id=\"tab-description\" class=\"woocommerce-Tabs-panel woocommerce-Tabs-panel--description panel entry-content wc-tab\" role=\"tabpanel\" aria-labelledby=\"tab-title-description\">\n<ul>\n<li>Boutons de montage en surface Quaddro<\/li>\n<li>Si vous pr\u00e9f\u00e9rez les designs classiques aux visuels complexes et que vous valorisez la rapidit\u00e9 et la facilit\u00e9 d\u2019installation, alors votre choix devrait \u00eatre la s\u00e9rie Quaddro<\/li>\n<\/ul>\n<p>&nbsp;<\/p>\n<\/div>\n<\/div>\n<\/div>\n<\/div>\n<\/div>\n<\/div>\n<\/div>\n<\/div>\n<div class=\"clearfix\"><\/div>\n<\/section>\n<p>&nbsp;<\/p>\n<\/section>\n<\/div>\n<\/div>\n<\/div>\n<\/div>\n<\/div>\n<div id=\"sidebar\" class=\"style-1\">\n<div id=\"secondary\" class=\"widget-area sidebar\" role=\"complementary\">\n<div id=\"woocommerce_product_categories-1\" class=\"widget woocommerce widget_product_categories\">\n<h2 class=\"widget-title\"><\/h2>\n<\/div>\n<\/div>\n<\/div>\n<p><\/p>\n<\/section>","protected":false},"excerpt":{"rendered":"<p><strong>SPECIFICATIONS TECHNIQUES ;<\/strong><\/p>\n<p><strong>LA PLUPART :<\/strong>\u00a0100 mm<br \/>\n<strong>TAILLE :<\/strong> 300 mm<br \/>\n<strong>PROFONDEUR :<\/strong>\u00a08,5 mm<\/p>\n","protected":false},"featured_media":2351,"template":"","meta":[],"product_cat":[89],"product_tag":[],"class_list":["post-2350","product","type-product","status-publish","has-post-thumbnail","hentry","product_cat-qaddro-kat"],"_links":{"self":[{"href":"https:\/\/argeset.com.tr\/fr\/wp-json\/wp\/v2\/product\/2350","targetHints":{"allow":["GET"]}}],"collection":[{"href":"https:\/\/argeset.com.tr\/fr\/wp-json\/wp\/v2\/product"}],"about":[{"href":"https:\/\/argeset.com.tr\/fr\/wp-json\/wp\/v2\/types\/product"}],"wp:featuredmedia":[{"embeddable":true,"href":"https:\/\/argeset.com.tr\/fr\/wp-json\/wp\/v2\/media\/2351"}],"wp:attachment":[{"href":"https:\/\/argeset.com.tr\/fr\/wp-json\/wp\/v2\/media?parent=2350"}],"wp:term":[{"taxonomy":"product_cat","embeddable":true,"href":"https:\/\/argeset.com.tr\/fr\/wp-json\/wp\/v2\/product_cat?post=2350"},{"taxonomy":"product_tag","embeddable":true,"href":"https:\/\/argeset.com.tr\/fr\/wp-json\/wp\/v2\/product_tag?post=2350"}],"curies":[{"name":"wp","href":"https:\/\/api.w.org\/{rel}","templated":true}]}}