{"id":2450,"date":"2023-03-05T13:45:18","date_gmt":"2023-03-05T10:45:18","guid":{"rendered":"https:\/\/argeset.com.tr\/?post_type=product&#038;p=2450"},"modified":"2023-03-19T18:09:34","modified_gmt":"2023-03-19T15:09:34","slug":"mika-331-mm-ust-gosterge","status":"publish","type":"product","link":"https:\/\/argeset.com.tr\/fr\/urun\/mika-331-mm-ust-gosterge\/","title":{"rendered":"M\u0130KA-331-MM Panneau de plancher"},"content":{"rendered":"<section class=\"wpb-content-wrapper\"><p>M\u0130KA-331-MM Panneau de plancher<\/p>\n<div id=\"site-content\" class=\"site-content clearfix\">\n<div id=\"inner-content\" class=\"inner-content-wrap\">\n<div class=\"content-woocommerce\">\n<div class=\"woo-single-post-class\">\n<div id=\"product-1462\" class=\"wpbforwpbakery_single_product product type-product post-1462 status-publish first instock product_cat-mika-ust has-post-thumbnail shipping-taxable product-type-simple\">\n<section class=\"wpb-content-wrapper\">\n<section class=\"vc_rows wpb_row vc_row-fluid\">\n<div class=\"container\">\n<div class=\"row\">\n<div class=\"wpb_column vc_column_container vc_col-sm-12\">\n<div class=\"vc_column-inner\">\n<div class=\"wpb_wrapper\">\n<div class=\" wpbforwpbakery_product_data_tab6417247d861e8\">\n<div class=\"woocommerce-tabs wc-tabs-wrapper\">\n<div id=\"tab-description\" class=\"woocommerce-Tabs-panel woocommerce-Tabs-panel--description panel entry-content wc-tab\" role=\"tabpanel\" aria-labelledby=\"tab-title-description\">\n<ul>\n<li>Boutons de la s\u00e9rie Mika\u2026<\/li>\n<li>Ces produits qui combinent le plastique et le m\u00e9tal dans leur forme la plus esth\u00e9tique et la plus durable apporteront du plaisir aux utilisateurs.<\/li>\n<li>Installation et d\u00e9montage faciles<\/li>\n<li>Les options de couleur de la s\u00e9rie Mika, qui est actuellement produite en 3 couleurs principales, peuvent \u00eatre \u00e9tendues selon votre demande.<\/li>\n<\/ul>\n<p>&nbsp;<\/p>\n<\/div>\n<\/div>\n<\/div>\n<\/div>\n<\/div>\n<\/div>\n<\/div>\n<\/div>\n<div class=\"clearfix\"><\/div>\n<\/section>\n<p>&nbsp;<\/p>\n<\/section>\n<\/div>\n<\/div>\n<\/div>\n<\/div>\n<\/div>\n<div id=\"sidebar\" class=\"style-1\">\n<div id=\"secondary\" class=\"widget-area sidebar\" role=\"complementary\">\n<div id=\"woocommerce_product_categories-1\" class=\"widget woocommerce widget_product_categories\">\n<h2 class=\"widget-title\"><\/h2>\n<\/div>\n<\/div>\n<\/div>\n<p><\/p>\n<\/section>","protected":false},"excerpt":{"rendered":"<p>M\u0130KA-331-MM Panneau de plancher Boutons de la s\u00e9rie Mika\u2026 Ces produits qui combinent le plastique et le m\u00e9tal dans leur forme la plus esth\u00e9tique et la plus durable apporteront du plaisir aux utilisateurs. Installation et d\u00e9montage faciles Les options de couleur de la s\u00e9rie Mika, qui est actuellement produite en 3 couleurs principales, peuvent \u00eatre [&hellip;]<\/p>\n","protected":false},"featured_media":1487,"template":"","meta":[],"product_cat":[95],"product_tag":[],"class_list":["post-2450","product","type-product","status-publish","has-post-thumbnail","hentry","product_cat-mika-ust"],"_links":{"self":[{"href":"https:\/\/argeset.com.tr\/fr\/wp-json\/wp\/v2\/product\/2450","targetHints":{"allow":["GET"]}}],"collection":[{"href":"https:\/\/argeset.com.tr\/fr\/wp-json\/wp\/v2\/product"}],"about":[{"href":"https:\/\/argeset.com.tr\/fr\/wp-json\/wp\/v2\/types\/product"}],"wp:featuredmedia":[{"embeddable":true,"href":"https:\/\/argeset.com.tr\/fr\/wp-json\/wp\/v2\/media\/1487"}],"wp:attachment":[{"href":"https:\/\/argeset.com.tr\/fr\/wp-json\/wp\/v2\/media?parent=2450"}],"wp:term":[{"taxonomy":"product_cat","embeddable":true,"href":"https:\/\/argeset.com.tr\/fr\/wp-json\/wp\/v2\/product_cat?post=2450"},{"taxonomy":"product_tag","embeddable":true,"href":"https:\/\/argeset.com.tr\/fr\/wp-json\/wp\/v2\/product_tag?post=2450"}],"curies":[{"name":"wp","href":"https:\/\/api.w.org\/{rel}","templated":true}]}}