{"id":2471,"date":"2023-03-05T15:44:16","date_gmt":"2023-03-05T12:44:16","guid":{"rendered":"https:\/\/argeset.com.tr\/?post_type=product&#038;p=2471"},"modified":"2023-03-19T17:15:03","modified_gmt":"2023-03-19T14:15:03","slug":"inkado-833-ust-gosterge","status":"publish","type":"product","link":"https:\/\/argeset.com.tr\/fr\/urun\/inkado-833-ust-gosterge\/","title":{"rendered":"\u0130NKADO-833 Indicateur Superieur"},"content":{"rendered":"<section class=\"wpb-content-wrapper\"><p>\u0130NKADO-833 Indicateur Superieur<\/p>\n<div id=\"site-content\" class=\"site-content clearfix\">\n<div id=\"inner-content\" class=\"inner-content-wrap\">\n<div class=\"content-woocommerce\">\n<div class=\"woo-single-post-class\">\n<div id=\"product-1442\" class=\"wpbforwpbakery_single_product product type-product post-1442 status-publish first instock product_cat-inkado-ust has-post-thumbnail shipping-taxable product-type-simple\">\n<section class=\"wpb-content-wrapper\">\n<section class=\"vc_rows wpb_row vc_row-fluid\">\n<div class=\"container\">\n<div class=\"row\">\n<div class=\"wpb_column vc_column_container vc_col-sm-12\">\n<div class=\"vc_column-inner\">\n<div class=\"wpb_wrapper\">\n<div class=\" wpbforwpbakery_product_data_tab6417182108c3f\">\n<div class=\"woocommerce-tabs wc-tabs-wrapper\">\n<div id=\"tab-description\" class=\"woocommerce-Tabs-panel woocommerce-Tabs-panel--description panel entry-content wc-tab\" role=\"tabpanel\" aria-labelledby=\"tab-title-description\">\n<ul>\n<li>Panneaux Tactiles de la S\u00e9rie INKADO<\/li>\n<li>Notre groupe de produits qui combine la visualit\u00e9 des boutons tactiles en verre avec des boutons classiques en acier inoxydable offre une solution id\u00e9ale pour ceux qui cherchent de l\u2019innovation mais ne peuvent pas renoncer aux produits classiques.<\/li>\n<\/ul>\n<p>&nbsp;<\/p>\n<\/div>\n<\/div>\n<\/div>\n<\/div>\n<\/div>\n<\/div>\n<\/div>\n<\/div>\n<div class=\"clearfix\"><\/div>\n<\/section>\n<p>&nbsp;<\/p>\n<\/section>\n<\/div>\n<\/div>\n<\/div>\n<\/div>\n<\/div>\n<div id=\"sidebar\" class=\"style-1\">\n<div id=\"secondary\" class=\"widget-area sidebar\" role=\"complementary\">\n<div id=\"woocommerce_product_categories-1\" class=\"widget woocommerce widget_product_categories\">\n<h2 class=\"widget-title\"><\/h2>\n<\/div>\n<\/div>\n<\/div>\n<p><\/p>\n<\/section>","protected":false},"excerpt":{"rendered":"<p>\u0130NKADO-833 Indicateur Superieur Panneaux Tactiles de la S\u00e9rie INKADO Notre groupe de produits qui combine la visualit\u00e9 des boutons tactiles en verre avec des boutons classiques en acier inoxydable offre une solution id\u00e9ale pour ceux qui cherchent de l\u2019innovation mais ne peuvent pas renoncer aux produits classiques. &nbsp; &nbsp;<\/p>\n","protected":false},"featured_media":2339,"template":"","meta":[],"product_cat":[94],"product_tag":[],"class_list":["post-2471","product","type-product","status-publish","has-post-thumbnail","hentry","product_cat-inkado-ust"],"_links":{"self":[{"href":"https:\/\/argeset.com.tr\/fr\/wp-json\/wp\/v2\/product\/2471","targetHints":{"allow":["GET"]}}],"collection":[{"href":"https:\/\/argeset.com.tr\/fr\/wp-json\/wp\/v2\/product"}],"about":[{"href":"https:\/\/argeset.com.tr\/fr\/wp-json\/wp\/v2\/types\/product"}],"wp:featuredmedia":[{"embeddable":true,"href":"https:\/\/argeset.com.tr\/fr\/wp-json\/wp\/v2\/media\/2339"}],"wp:attachment":[{"href":"https:\/\/argeset.com.tr\/fr\/wp-json\/wp\/v2\/media?parent=2471"}],"wp:term":[{"taxonomy":"product_cat","embeddable":true,"href":"https:\/\/argeset.com.tr\/fr\/wp-json\/wp\/v2\/product_cat?post=2471"},{"taxonomy":"product_tag","embeddable":true,"href":"https:\/\/argeset.com.tr\/fr\/wp-json\/wp\/v2\/product_tag?post=2471"}],"curies":[{"name":"wp","href":"https:\/\/api.w.org\/{rel}","templated":true}]}}