{"id":2485,"date":"2023-03-06T20:30:33","date_gmt":"2023-03-06T17:30:33","guid":{"rendered":"https:\/\/argeset.com.tr\/?post_type=product&#038;p=2485"},"modified":"2023-03-19T19:44:11","modified_gmt":"2023-03-19T16:44:11","slug":"quaddro-951-kabin-paneli-2","status":"publish","type":"product","link":"https:\/\/argeset.com.tr\/fr\/urun\/quaddro-951-kabin-paneli-2\/","title":{"rendered":"QUADDRO-951 Panneau de Cabine"},"content":{"rendered":"<section class=\"wpb-content-wrapper\"><p>QUADDRO-951 Panneau de Cabine<\/p>\n<div id=\"site-content\" class=\"site-content clearfix\">\n<div id=\"inner-content\" class=\"inner-content-wrap\">\n<div class=\"content-woocommerce\">\n<div class=\"woo-single-post-class\">\n<div id=\"product-1520\" class=\"wpbforwpbakery_single_product product type-product post-1520 status-publish first instock product_cat-qaddro-kabin has-post-thumbnail shipping-taxable product-type-simple\">\n<section class=\"wpb-content-wrapper\">\n<section class=\"vc_rows wpb_row vc_row-fluid\">\n<div class=\"container\">\n<div class=\"row\">\n<div class=\"wpb_column vc_column_container vc_col-sm-12\">\n<div class=\"vc_column-inner\">\n<div class=\"wpb_wrapper\">\n<div class=\" wpbforwpbakery_product_data_tab64173ae88631c\">\n<div class=\"woocommerce-tabs wc-tabs-wrapper\">\n<div id=\"tab-description\" class=\"woocommerce-Tabs-panel woocommerce-Tabs-panel--description panel entry-content wc-tab\" role=\"tabpanel\" aria-labelledby=\"tab-title-description\">\n<ul>\n<li>Boutons de montage en surface Quaddro<\/li>\n<li>Si vous pr\u00e9f\u00e9rez les designs classiques aux visuels complexes et que vous valorisez la rapidit\u00e9 et la facilit\u00e9 d\u2019installation, alors votre choix devrait \u00eatre la s\u00e9rie Quaddro<\/li>\n<\/ul>\n<\/div>\n<\/div>\n<\/div>\n<\/div>\n<\/div>\n<\/div>\n<\/div>\n<\/div>\n<\/section>\n<\/section>\n<\/div>\n<\/div>\n<\/div>\n<\/div>\n<\/div>\n<p><\/p>\n<\/section>","protected":false},"excerpt":{"rendered":"<p>QUADDRO-951 Panneau de Cabine Boutons de montage en surface Quaddro Si vous pr\u00e9f\u00e9rez les designs classiques aux visuels complexes et que vous valorisez la rapidit\u00e9 et la facilit\u00e9 d\u2019installation, alors votre choix devrait \u00eatre la s\u00e9rie Quaddro<\/p>\n","protected":false},"featured_media":2486,"template":"","meta":[],"product_cat":[66],"product_tag":[],"class_list":["post-2485","product","type-product","status-publish","has-post-thumbnail","hentry","product_cat-qaddro-kabin"],"_links":{"self":[{"href":"https:\/\/argeset.com.tr\/fr\/wp-json\/wp\/v2\/product\/2485","targetHints":{"allow":["GET"]}}],"collection":[{"href":"https:\/\/argeset.com.tr\/fr\/wp-json\/wp\/v2\/product"}],"about":[{"href":"https:\/\/argeset.com.tr\/fr\/wp-json\/wp\/v2\/types\/product"}],"wp:featuredmedia":[{"embeddable":true,"href":"https:\/\/argeset.com.tr\/fr\/wp-json\/wp\/v2\/media\/2486"}],"wp:attachment":[{"href":"https:\/\/argeset.com.tr\/fr\/wp-json\/wp\/v2\/media?parent=2485"}],"wp:term":[{"taxonomy":"product_cat","embeddable":true,"href":"https:\/\/argeset.com.tr\/fr\/wp-json\/wp\/v2\/product_cat?post=2485"},{"taxonomy":"product_tag","embeddable":true,"href":"https:\/\/argeset.com.tr\/fr\/wp-json\/wp\/v2\/product_tag?post=2485"}],"curies":[{"name":"wp","href":"https:\/\/api.w.org\/{rel}","templated":true}]}}