{"id":2563,"date":"2023-03-07T14:48:51","date_gmt":"2023-03-07T11:48:51","guid":{"rendered":"https:\/\/argeset.com.tr\/?post_type=product&#038;p=2563"},"modified":"2023-03-19T15:18:08","modified_gmt":"2023-03-19T12:18:08","slug":"art-562-kabin-paneli","status":"publish","type":"product","link":"https:\/\/argeset.com.tr\/fr\/urun\/art-562-kabin-paneli\/","title":{"rendered":"ART-562 Panneau de Cabine"},"content":{"rendered":"<p>ART-562 Panneau de Cabine<\/p>\n<p>Nos boutons tactiles en verre de la s\u00e9rie ART se sont impos\u00e9s dans l&rsquo;industrie gr\u00e2ce \u00e0 leur qualit\u00e9 et sont tr\u00e8s appr\u00e9ci\u00e9s par nos clients.<\/p>","protected":false},"excerpt":{"rendered":"<p><strong>SPECIFICATIONS TECHNIQUES ;<\/strong><\/p>\n<p><strong>LA PLUPART :<\/strong> 300 mm<br \/>\n<strong>TAILLE :<\/strong> 2000 mm<br \/>\n<strong>PROFONDEUR :<\/strong> 4 mm<\/p>\n<p><strong>DIMENSIONS DU BOITIER ;\u00a0<\/strong>250mm \u2013 1950 mm \u2013 50 mm<\/p>\n","protected":false},"featured_media":2565,"template":"","meta":[],"product_cat":[61],"product_tag":[],"class_list":["post-2563","product","type-product","status-publish","has-post-thumbnail","hentry","product_cat-art-kabin"],"_links":{"self":[{"href":"https:\/\/argeset.com.tr\/fr\/wp-json\/wp\/v2\/product\/2563","targetHints":{"allow":["GET"]}}],"collection":[{"href":"https:\/\/argeset.com.tr\/fr\/wp-json\/wp\/v2\/product"}],"about":[{"href":"https:\/\/argeset.com.tr\/fr\/wp-json\/wp\/v2\/types\/product"}],"wp:featuredmedia":[{"embeddable":true,"href":"https:\/\/argeset.com.tr\/fr\/wp-json\/wp\/v2\/media\/2565"}],"wp:attachment":[{"href":"https:\/\/argeset.com.tr\/fr\/wp-json\/wp\/v2\/media?parent=2563"}],"wp:term":[{"taxonomy":"product_cat","embeddable":true,"href":"https:\/\/argeset.com.tr\/fr\/wp-json\/wp\/v2\/product_cat?post=2563"},{"taxonomy":"product_tag","embeddable":true,"href":"https:\/\/argeset.com.tr\/fr\/wp-json\/wp\/v2\/product_tag?post=2563"}],"curies":[{"name":"wp","href":"https:\/\/api.w.org\/{rel}","templated":true}]}}