{"id":2566,"date":"2023-03-07T15:09:05","date_gmt":"2023-03-07T12:09:05","guid":{"rendered":"https:\/\/argeset.com.tr\/?post_type=product&#038;p=2566"},"modified":"2023-03-19T15:21:42","modified_gmt":"2023-03-19T12:21:42","slug":"art-551-kabin-paneli","status":"publish","type":"product","link":"https:\/\/argeset.com.tr\/fr\/urun\/art-551-kabin-paneli\/","title":{"rendered":"ART-551 Panneau de Cabine"},"content":{"rendered":"<section class=\"wpb-content-wrapper\"><p>ART-551 Panneau de Cabine<\/p>\n<div id=\"site-content\" class=\"site-content clearfix\">\n<div id=\"inner-content\" class=\"inner-content-wrap\">\n<div class=\"content-woocommerce\">\n<div class=\"woo-single-post-class\">\n<div id=\"product-2563\" class=\"wpbforwpbakery_single_product product type-product post-2563 status-publish first instock product_cat-art-kabin has-post-thumbnail shipping-taxable product-type-simple\">\n<section class=\"wpb-content-wrapper\">\n<section class=\"vc_rows wpb_row vc_row-fluid\">\n<div class=\"container\">\n<div class=\"row\">\n<div class=\"wpb_column vc_column_container vc_col-sm-12\">\n<div class=\"vc_column-inner\">\n<div class=\"wpb_wrapper\">\n<div class=\" wpbforwpbakery_product_data_tab6416fd8da9996\">\n<div class=\"woocommerce-tabs wc-tabs-wrapper\">\n<div id=\"tab-description\" class=\"woocommerce-Tabs-panel woocommerce-Tabs-panel--description panel entry-content wc-tab\" role=\"tabpanel\" aria-labelledby=\"tab-title-description\">\n<p>Nos boutons tactiles en verre de la s\u00e9rie ART se sont impos\u00e9s dans l\u2019industrie gr\u00e2ce \u00e0 leur qualit\u00e9 et sont tr\u00e8s appr\u00e9ci\u00e9s par nos clients.<\/p>\n<\/div>\n<\/div>\n<\/div>\n<\/div>\n<\/div>\n<\/div>\n<\/div>\n<\/div>\n<div class=\"clearfix\"><\/div>\n<\/section>\n<p>&nbsp;<\/p>\n<\/section>\n<\/div>\n<\/div>\n<\/div>\n<\/div>\n<\/div>\n<div id=\"sidebar\" class=\"style-1\">\n<div id=\"secondary\" class=\"widget-area sidebar\" role=\"complementary\">\n<div id=\"woocommerce_product_categories-1\" class=\"widget woocommerce widget_product_categories\">\n<h2 class=\"widget-title\"><\/h2>\n<\/div>\n<\/div>\n<\/div>\n<p><\/p>\n<\/section>","protected":false},"excerpt":{"rendered":"<p><strong>SPECIFICATIONS TECHNIQUES ;<\/strong><\/p>\n<p><strong>LA PLUPART :<\/strong> 200 mm<br \/>\n<strong>TAILLE :<\/strong> 1000 mm<br \/>\n<strong>PROFONDEUR :<\/strong> 6 mm<\/p>\n<p><strong>DIMENSIONS DU BOITIER ;\u00a0<\/strong>160 mm \u2013 950 mm \u2013 50 mm<\/p>\n","protected":false},"featured_media":2567,"template":"","meta":[],"product_cat":[61],"product_tag":[],"class_list":["post-2566","product","type-product","status-publish","has-post-thumbnail","hentry","product_cat-art-kabin"],"_links":{"self":[{"href":"https:\/\/argeset.com.tr\/fr\/wp-json\/wp\/v2\/product\/2566","targetHints":{"allow":["GET"]}}],"collection":[{"href":"https:\/\/argeset.com.tr\/fr\/wp-json\/wp\/v2\/product"}],"about":[{"href":"https:\/\/argeset.com.tr\/fr\/wp-json\/wp\/v2\/types\/product"}],"wp:featuredmedia":[{"embeddable":true,"href":"https:\/\/argeset.com.tr\/fr\/wp-json\/wp\/v2\/media\/2567"}],"wp:attachment":[{"href":"https:\/\/argeset.com.tr\/fr\/wp-json\/wp\/v2\/media?parent=2566"}],"wp:term":[{"taxonomy":"product_cat","embeddable":true,"href":"https:\/\/argeset.com.tr\/fr\/wp-json\/wp\/v2\/product_cat?post=2566"},{"taxonomy":"product_tag","embeddable":true,"href":"https:\/\/argeset.com.tr\/fr\/wp-json\/wp\/v2\/product_tag?post=2566"}],"curies":[{"name":"wp","href":"https:\/\/api.w.org\/{rel}","templated":true}]}}